{"id":805,"date":"2026-04-06T09:26:40","date_gmt":"2026-04-06T09:26:40","guid":{"rendered":"https:\/\/www.jampootrading.solutions\/dieu-khoan-dich-vu\/"},"modified":"2026-05-06T13:42:52","modified_gmt":"2026-05-06T13:42:52","slug":"dieu-khoan-dich-vu","status":"publish","type":"page","link":"https:\/\/www.jampootrading.solutions\/vi\/dieu-khoan-dich-vu\/","title":{"rendered":"\u0110i\u1ec1u kho\u1ea3n D\u1ecbch v\u1ee5"},"content":{"rendered":"<div class=\"wpb-content-wrapper\"><p>[vc_section css=&#8221;.vc_custom_1775466937976{background-position: center !important;background-repeat: no-repeat !important;background-size: cover !important;}&#8221; el_class=&#8221;bg-color-primary bg-center-top bg-no-repeat bg-size-cover bg-color-black&#8221;][vc_row][vc_column][vc_empty_space height=&#8221;120px&#8221; el_class=&#8221;show-for-large&#8221;][vc_empty_space height=&#8221;60px&#8221; el_class=&#8221;hide-for-large&#8221;][vc_column_text css=&#8221;&#8221; el_class=&#8221;text-center&#8221;]<\/p>\n<h1 class=\"\"><span class=\"font-weight-bold font-color-white font-gredient-light border-bottom\">\u0110i\u1ec1u kho\u1ea3n D\u1ecbch v\u1ee5<\/span><\/h1>\n<p>[\/vc_column_text][vc_empty_space height=&#8221;60px&#8221; el_class=&#8221;hide-for-large&#8221;][vc_empty_space height=&#8221;120px&#8221; el_class=&#8221;show-for-large&#8221;][\/vc_column][\/vc_row][\/vc_section][vc_section css=&#8221;.vc_custom_1775467095217{background-position: center !important;background-repeat: no-repeat !important;background-size: cover !important;}&#8221;][vc_row el_class=&#8221;row no-padding-vc&#8221;][vc_column el_class=&#8221;columns large-12&#8243;][vc_empty_space height=&#8221;120px&#8221; el_class=&#8221;show-for-large&#8221;][vc_empty_space height=&#8221;60px&#8221; el_class=&#8221;hide-for-large&#8221;][vc_column_text css=&#8221;&#8221;]<\/p>\n<h2 class=\"h4\">1. Ch\u1ea5p nh\u1eadn c\u00e1c \u0110i\u1ec1u kho\u1ea3n<\/h2>\n<p>B\u1eb1ng c\u00e1ch truy c\u1eadp ho\u1eb7c s\u1eed d\u1ee5ng trang web t\u1ea1i www.jampootrading.solutions, qu\u00fd kh\u00e1ch \u0111\u1ed3ng \u00fd ch\u1ecbu s\u1ef1 r\u00e0ng bu\u1ed9c b\u1edfi c\u00e1c \u0110i\u1ec1u kho\u1ea3n D\u1ecbch v\u1ee5 n\u00e0y. N\u1ebfu qu\u00fd kh\u00e1ch kh\u00f4ng \u0111\u1ed3ng \u00fd v\u1edbi c\u00e1c \u0111i\u1ec1u kho\u1ea3n n\u00e0y, vui l\u00f2ng kh\u00f4ng s\u1eed d\u1ee5ng trang web c\u1ee7a ch\u00fang t\u00f4i.<\/p>\n<h2 class=\"h4\">2. V\u1ec1 Jampoo Trading Solutions<\/h2>\n<p>Jampoo Trading Solutions l\u00e0 m\u1ed9t trung gian th\u01b0\u01a1ng m\u1ea1i to\u00e0n c\u1ea7u chuy\u00ean v\u1ec1 t\u00ecm ki\u1ebfm ngu\u1ed3n cung \u1ee9ng, \u0111i\u1ec1u ph\u1ed1i h\u1eadu c\u1ea7n v\u00e0 qu\u1ea3n l\u00fd chu\u1ed7i cung \u1ee9ng c\u00e1c s\u1ea3n ph\u1ea9m h\u00f3a d\u1ea7u th\u00f4, c\u00e1c h\u1ee3p ch\u1ea5t \u0111\u1eb7c d\u1ee5ng, bao b\u00ec ph\u00e2n h\u1ee7y sinh h\u1ecdc v\u00e0 c\u00e1c v\u1eadt li\u1ec7u li\u00ean quan. Ch\u00fang t\u00f4i k\u1ebft n\u1ed1i c\u00e1c nh\u00e0 s\u1ea3n xu\u1ea5t v\u00e0 ng\u01b0\u1eddi mua v\u1edbi c\u00e1c nh\u00e0 cung c\u1ea5p \u0111\u00e3 \u0111\u01b0\u1ee3c x\u00e1c minh tr\u00ean to\u00e0n th\u1ebf gi\u1edbi.<\/p>\n<h2 class=\"h4\">3. S\u1eed d\u1ee5ng Trang web<\/h2>\n<p>Qu\u00fd kh\u00e1ch \u0111\u1ed3ng \u00fd ch\u1ec9 s\u1eed d\u1ee5ng trang web n\u00e0y cho c\u00e1c m\u1ee5c \u0111\u00edch h\u1ee3p ph\u00e1p v\u00e0 theo c\u00e1ch kh\u00f4ng x\u00e2m ph\u1ea1m quy\u1ec1n c\u1ee7a ng\u01b0\u1eddi kh\u00e1c ho\u1eb7c h\u1ea1n ch\u1ebf vi\u1ec7c s\u1eed d\u1ee5ng trang web c\u1ee7a h\u1ecd. Qu\u00fd kh\u00e1ch kh\u00f4ng \u0111\u01b0\u1ee3c:<\/p>\n<ul>\n<li>S\u1eed d\u1ee5ng trang web d\u01b0\u1edbi b\u1ea5t k\u1ef3 h\u00ecnh th\u1ee9c n\u00e0o mang t\u00ednh gian l\u1eadn, g\u00e2y h\u1ea1i ho\u1eb7c l\u1eeba \u0111\u1ea3o<\/li>\n<li>C\u1ed1 g\u1eafng truy c\u1eadp tr\u00e1i ph\u00e9p v\u00e0o b\u1ea5t k\u1ef3 ph\u1ea7n n\u00e0o c\u1ee7a trang web ho\u1eb7c h\u1ec7 th\u1ed1ng c\u1ee7a trang web<\/li>\n<li>Truy\u1ec1n t\u1ea3i b\u1ea5t k\u1ef3 t\u00e0i li\u1ec7u qu\u1ea3ng c\u00e1o ho\u1eb7c khuy\u1ebfn m\u00e3i n\u00e0o kh\u00f4ng \u0111\u01b0\u1ee3c y\u00eau c\u1ea7u ho\u1eb7c kh\u00f4ng \u0111\u01b0\u1ee3c ph\u00e9p<\/li>\n<li>Sao ch\u00e9p, nh\u00e2n b\u1ea3n, sao ch\u00e9p ho\u1eb7c khai th\u00e1c b\u1ea5t k\u1ef3 ph\u1ea7n n\u00e0o c\u1ee7a trang web m\u00e0 kh\u00f4ng c\u00f3 s\u1ef1 cho ph\u00e9p b\u1eb1ng v\u0103n b\u1ea3n r\u00f5 r\u00e0ng c\u1ee7a ch\u00fang t\u00f4i<\/li>\n<li>S\u1eed d\u1ee5ng c\u00e1c c\u00f4ng c\u1ee5 t\u1ef1 \u0111\u1ed9ng \u0111\u1ec3 tr\u00edch xu\u1ea5t, thu th\u1eadp ho\u1eb7c khai th\u00e1c d\u1eef li\u1ec7u t\u1eeb trang web<\/li>\n<\/ul>\n<h2 class=\"h4\">4. S\u1edf h\u1eefu Tr\u00ed tu\u1ec7<\/h2>\n<p>T\u1ea5t c\u1ea3 n\u1ed9i dung tr\u00ean trang web n\u00e0y \u2014 bao g\u1ed3m v\u0103n b\u1ea3n, \u0111\u1ed3 h\u1ecda, logo, h\u00ecnh \u1ea3nh v\u00e0 thi\u1ebft k\u1ebf t\u1ed5ng th\u1ec3 \u2014 l\u00e0 t\u00e0i s\u1ea3n c\u1ee7a Jampoo Trading Solutions ho\u1eb7c c\u00e1c b\u00ean c\u1ea5p ph\u00e9p n\u1ed9i dung v\u00e0 \u0111\u01b0\u1ee3c b\u1ea3o v\u1ec7 b\u1edfi lu\u1eadt s\u1edf h\u1eefu tr\u00ed tu\u1ec7 hi\u1ec7n h\u00e0nh. Qu\u00fd kh\u00e1ch kh\u00f4ng \u0111\u01b0\u1ee3c s\u1eed d\u1ee5ng, sao ch\u00e9p ho\u1eb7c ph\u00e2n ph\u1ed1i b\u1ea5t k\u1ef3 n\u1ed9i dung n\u00e0o t\u1eeb trang web n\u00e0y m\u00e0 kh\u00f4ng c\u00f3 s\u1ef1 \u0111\u1ed3ng \u00fd tr\u01b0\u1edbc b\u1eb1ng v\u0103n b\u1ea3n.<\/p>\n<h2 class=\"h4\">5. Y\u00eau c\u1ea7u Kinh doanh v\u00e0 Th\u00f4ng tin li\u00ean l\u1ea1c<\/h2>\n<p>Vi\u1ec7c g\u1eedi bi\u1ec3u m\u1eabu li\u00ean h\u1ec7 ho\u1eb7c g\u1eedi email cho Jampoo Trading Solutions kh\u00f4ng c\u1ea5u th\u00e0nh m\u1ed9t th\u1ecfa thu\u1eadn r\u00e0ng bu\u1ed9c ho\u1eb7c t\u1ea1o ra m\u1ed9t m\u1ed1i quan h\u1ec7 kinh doanh. T\u1ea5t c\u1ea3 c\u00e1c cam k\u1ebft ch\u00ednh th\u1ee9c, th\u1ecfa thu\u1eadn ngu\u1ed3n cung \u1ee9ng v\u00e0 c\u00e1c \u0111i\u1ec1u kho\u1ea3n th\u01b0\u01a1ng m\u1ea1i \u0111\u01b0\u1ee3c \u0111i\u1ec1u ch\u1ec9nh duy nh\u1ea5t b\u1edfi c\u00e1c th\u1ecfa thu\u1eadn b\u1eb1ng v\u0103n b\u1ea3n ri\u00eang bi\u1ec7t \u0111\u01b0\u1ee3c k\u00fd b\u1edfi \u0111\u1ea1i di\u1ec7n \u0111\u01b0\u1ee3c \u1ee7y quy\u1ec1n c\u1ee7a c\u1ea3 hai b\u00ean.<\/p>\n<h2 class=\"h4\">6. Kh\u00f4ng B\u1ea3o \u0111\u1ea3m<\/h2>\n<p>Trang web n\u00e0y \u0111\u01b0\u1ee3c cung c\u1ea5p tr\u00ean c\u01a1 s\u1edf &#8220;nguy\u00ean tr\u1ea1ng&#8221; v\u00e0 &#8220;s\u1eb5n c\u00f3&#8221;. Jampoo Trading Solutions kh\u00f4ng \u0111\u01b0a ra b\u1ea5t k\u1ef3 tuy\u00ean b\u1ed1 ho\u1eb7c b\u1ea3o \u0111\u1ea3m n\u00e0o d\u01b0\u1edbi b\u1ea5t k\u1ef3 h\u00ecnh th\u1ee9c n\u00e0o, d\u00f9 r\u00f5 r\u00e0ng hay ng\u1ee5 \u00fd, v\u1ec1 t\u00ednh ch\u00ednh x\u00e1c, \u0111\u1ea7y \u0111\u1ee7, \u0111\u1ed9 tin c\u1eady ho\u1eb7c t\u00ednh s\u1eb5n c\u00f3 c\u1ee7a trang web ho\u1eb7c n\u1ed9i dung c\u1ee7a n\u00f3. Ch\u00fang t\u00f4i b\u1ea3o l\u01b0u quy\u1ec1n s\u1eeda \u0111\u1ed5i, t\u1ea1m ng\u1eebng ho\u1eb7c ng\u1eebng cung c\u1ea5p b\u1ea5t k\u1ef3 ph\u1ea7n n\u00e0o c\u1ee7a trang web v\u00e0o b\u1ea5t k\u1ef3 l\u00fac n\u00e0o m\u00e0 kh\u00f4ng c\u1ea7n th\u00f4ng b\u00e1o tr\u01b0\u1edbc.<\/p>\n<h2 class=\"h4\">7. Gi\u1edbi h\u1ea1n Tr\u00e1ch nhi\u1ec7m ph\u00e1p l\u00fd<\/h2>\n<p>Trong ph\u1ea1m vi t\u1ed1i \u0111a \u0111\u01b0\u1ee3c lu\u1eadt ph\u00e1p hi\u1ec7n h\u00e0nh cho ph\u00e9p, Jampoo Trading Solutions v\u00e0 c\u00e1c c\u00e1n b\u1ed9, gi\u00e1m \u0111\u1ed1c, nh\u00e2n vi\u00ean v\u00e0 \u0111\u1ea1i l\u00fd c\u1ee7a c\u00f4ng ty s\u1ebd kh\u00f4ng ch\u1ecbu tr\u00e1ch nhi\u1ec7m cho b\u1ea5t k\u1ef3 thi\u1ec7t h\u1ea1i gi\u00e1n ti\u1ebfp, ng\u1eabu nhi\u00ean, \u0111\u1eb7c bi\u1ec7t, h\u1ec7 qu\u1ea3 ho\u1eb7c tr\u1eebng ph\u1ea1t n\u00e0o ph\u00e1t sinh t\u1eeb vi\u1ec7c qu\u00fd kh\u00e1ch s\u1eed d\u1ee5ng \u2014 ho\u1eb7c kh\u00f4ng th\u1ec3 s\u1eed d\u1ee5ng \u2014 trang web n\u00e0y, ngay c\u1ea3 khi ch\u00fang t\u00f4i \u0111\u00e3 \u0111\u01b0\u1ee3c th\u00f4ng b\u00e1o v\u1ec1 kh\u1ea3 n\u0103ng x\u1ea3y ra c\u00e1c thi\u1ec7t h\u1ea1i \u0111\u00f3.<\/p>\n<h2 class=\"h4\">8. Li\u00ean k\u1ebft c\u1ee7a B\u00ean th\u1ee9 ba<\/h2>\n<p>Trang web c\u1ee7a ch\u00fang t\u00f4i c\u00f3 th\u1ec3 ch\u1ee9a c\u00e1c li\u00ean k\u1ebft \u0111\u1ebfn c\u00e1c trang web c\u1ee7a b\u00ean th\u1ee9 ba. C\u00e1c li\u00ean k\u1ebft n\u00e0y ch\u1ec9 \u0111\u01b0\u1ee3c cung c\u1ea5p \u0111\u1ec3 thu\u1eadn ti\u1ec7n cho qu\u00fd kh\u00e1ch. Jampoo Trading Solutions kh\u00f4ng x\u00e1c nh\u1eadn, ki\u1ec3m so\u00e1t ho\u1eb7c ch\u1ecbu tr\u00e1ch nhi\u1ec7m v\u1ec1 n\u1ed9i dung ho\u1eb7c ho\u1ea1t \u0111\u1ed9ng c\u1ee7a b\u1ea5t k\u1ef3 trang web b\u00ean th\u1ee9 ba n\u00e0o. Vi\u1ec7c truy c\u1eadp c\u00e1c trang web \u0111\u01b0\u1ee3c li\u00ean k\u1ebft l\u00e0 r\u1ee7i ro c\u1ee7a ri\u00eang qu\u00fd kh\u00e1ch.<\/p>\n<h2 class=\"h4\">9. Lu\u1eadt \u0110i\u1ec1u ch\u1ec9nh<\/h2>\n<p>C\u00e1c \u0110i\u1ec1u kho\u1ea3n D\u1ecbch v\u1ee5 n\u00e0y s\u1ebd \u0111\u01b0\u1ee3c \u0111i\u1ec1u ch\u1ec9nh v\u00e0 gi\u1ea3i th\u00edch theo lu\u1eadt ph\u00e1p c\u1ee7a \u0110\u00e0i Loan (Trung Hoa D\u00e2n Qu\u1ed1c), m\u00e0 kh\u00f4ng x\u00e9t \u0111\u1ebfn c\u00e1c quy \u0111\u1ecbnh v\u1ec1 xung \u0111\u1ed9t ph\u00e1p lu\u1eadt. B\u1ea5t k\u1ef3 tranh ch\u1ea5p n\u00e0o ph\u00e1t sinh t\u1eeb c\u00e1c \u0111i\u1ec1u kho\u1ea3n n\u00e0y ho\u1eb7c vi\u1ec7c qu\u00fd kh\u00e1ch s\u1eed d\u1ee5ng trang web s\u1ebd thu\u1ed9c th\u1ea9m quy\u1ec1n x\u00e9t x\u1eed \u0111\u1ed9c quy\u1ec1n c\u1ee7a t\u00f2a \u00e1n t\u1ea1i \u0110\u00e0i B\u1eafc, \u0110\u00e0i Loan.<\/p>\n<h2 class=\"h4\">10. Thay \u0111\u1ed5i \u0111\u1ed1i v\u1edbi c\u00e1c \u0110i\u1ec1u kho\u1ea3n n\u00e0y<\/h2>\n<p>Ch\u00fang t\u00f4i b\u1ea3o l\u01b0u quy\u1ec1n c\u1eadp nh\u1eadt ho\u1eb7c s\u1eeda \u0111\u1ed5i c\u00e1c \u0110i\u1ec1u kho\u1ea3n D\u1ecbch v\u1ee5 n\u00e0y b\u1ea5t k\u1ef3 l\u00fac n\u00e0o. C\u00e1c thay \u0111\u1ed5i s\u1ebd c\u00f3 hi\u1ec7u l\u1ef1c ngay khi \u0111\u01b0\u1ee3c \u0111\u0103ng t\u1ea3i l\u00ean trang web v\u1edbi ng\u00e0y &#8220;C\u1eadp nh\u1eadt l\u1ea7n cu\u1ed1i&#8221; \u0111\u00e3 \u0111\u01b0\u1ee3c s\u1eeda \u0111\u1ed5i. Vi\u1ec7c qu\u00fd kh\u00e1ch ti\u1ebfp t\u1ee5c s\u1eed d\u1ee5ng trang web sau b\u1ea5t k\u1ef3 thay \u0111\u1ed5i n\u00e0o \u0111\u1ed3ng ngh\u0129a v\u1edbi vi\u1ec7c qu\u00fd kh\u00e1ch ch\u1ea5p nh\u1eadn c\u00e1c \u0111i\u1ec1u kho\u1ea3n \u0111\u00e3 c\u1eadp nh\u1eadt.<\/p>\n<h2 class=\"h4\">11. Li\u00ean h\u1ec7 v\u1edbi Ch\u00fang t\u00f4i<\/h2>\n<p>N\u1ebfu qu\u00fd kh\u00e1ch c\u00f3 b\u1ea5t k\u1ef3 c\u00e2u h\u1ecfi n\u00e0o v\u1ec1 c\u00e1c \u0110i\u1ec1u kho\u1ea3n D\u1ecbch v\u1ee5 n\u00e0y, vui l\u00f2ng li\u00ean h\u1ec7 v\u1edbi ch\u00fang t\u00f4i:<\/p>\n<p><strong>Jampoo Trading Solutions<\/strong><br \/>\nEmail: info@jampootrading.solutions<br \/>\nTr\u1ee5 s\u1edf ch\u00ednh to\u00e0n c\u1ea7u: \u0110\u00e0i B\u1eafc, \u0110\u00e0i Loan[\/vc_column_text][vc_empty_space height=&#8221;60px&#8221; el_class=&#8221;hide-for-large&#8221;][vc_empty_space height=&#8221;120px&#8221; el_class=&#8221;show-for-large&#8221;][\/vc_column][\/vc_row][\/vc_section]<\/p>\n<\/div>","protected":false},"excerpt":{"rendered":"<p>[vc_section css=&#8221;.vc_custom_1775466937976{background-position: center !important;background-repeat: no-repeat !important;background-size: cover !important;}&#8221; el_class=&#8221;bg-color-primary bg-center-top bg-no-repeat bg-size-cover bg-color-black&#8221;][vc_row][vc_column][vc_empty_space height=&#8221;120px&#8221; el_class=&#8221;show-for-large&#8221;][vc_empty_space height=&#8221;60px&#8221; el_class=&#8221;hide-for-large&#8221;][vc_column_text css=&#8221;&#8221; el_class=&#8221;text-center&#8221;] \u0110i\u1ec1u kho\u1ea3n D\u1ecbch v\u1ee5 [\/vc_column_text][vc_empty_space height=&#8221;60px&#8221; el_class=&#8221;hide-for-large&#8221;][vc_empty_space height=&#8221;120px&#8221; el_class=&#8221;show-for-large&#8221;][\/vc_column][\/vc_row][\/vc_section][vc_section css=&#8221;.vc_custom_1775467095217{background-position: center !important;background-repeat: no-repeat !important;background-size: cover !important;}&#8221;][vc_row el_class=&#8221;row no-padding-vc&#8221;][vc_column el_class=&#8221;columns large-12&#8243;][vc_empty_space height=&#8221;120px&#8221; el_class=&#8221;show-for-large&#8221;][vc_empty_space height=&#8221;60px&#8221; el_class=&#8221;hide-for-large&#8221;][vc_column_text css=&#8221;&#8221;] 1. Ch\u1ea5p nh\u1eadn c\u00e1c \u0110i\u1ec1u kho\u1ea3n B\u1eb1ng c\u00e1ch truy c\u1eadp ho\u1eb7c<a class=\"excerpt-read-more\" href=\"https:\/\/www.jampootrading.solutions\/vi\/dieu-khoan-dich-vu\/\" title=\"Read\u0110i\u1ec1u kho\u1ea3n D\u1ecbch v\u1ee5\">&#8230; Read more &raquo;<\/a><\/p>\n","protected":false},"author":1,"featured_media":0,"parent":0,"menu_order":0,"comment_status":"closed","ping_status":"closed","template":"template-visual-builder.php","meta":{"_acf_changed":false,"footnotes":""},"class_list":["post-805","page","type-page","status-publish","hentry"],"acf":[],"_links":{"self":[{"href":"https:\/\/www.jampootrading.solutions\/vi\/wp-json\/wp\/v2\/pages\/805","targetHints":{"allow":["GET"]}}],"collection":[{"href":"https:\/\/www.jampootrading.solutions\/vi\/wp-json\/wp\/v2\/pages"}],"about":[{"href":"https:\/\/www.jampootrading.solutions\/vi\/wp-json\/wp\/v2\/types\/page"}],"author":[{"embeddable":true,"href":"https:\/\/www.jampootrading.solutions\/vi\/wp-json\/wp\/v2\/users\/1"}],"replies":[{"embeddable":true,"href":"https:\/\/www.jampootrading.solutions\/vi\/wp-json\/wp\/v2\/comments?post=805"}],"version-history":[{"count":4,"href":"https:\/\/www.jampootrading.solutions\/vi\/wp-json\/wp\/v2\/pages\/805\/revisions"}],"predecessor-version":[{"id":811,"href":"https:\/\/www.jampootrading.solutions\/vi\/wp-json\/wp\/v2\/pages\/805\/revisions\/811"}],"wp:attachment":[{"href":"https:\/\/www.jampootrading.solutions\/vi\/wp-json\/wp\/v2\/media?parent=805"}],"curies":[{"name":"wp","href":"https:\/\/api.w.org\/{rel}","templated":true}]}}