{"id":775,"date":"2026-04-06T09:29:27","date_gmt":"2026-04-06T09:29:27","guid":{"rendered":"https:\/\/www.jampootrading.solutions\/cai-dat-cookie\/"},"modified":"2026-05-07T18:34:16","modified_gmt":"2026-05-07T18:34:16","slug":"cai-dat-cookie","status":"publish","type":"page","link":"https:\/\/www.jampootrading.solutions\/vi\/cai-dat-cookie\/","title":{"rendered":"C\u00e0i \u0111\u1eb7t Cookie"},"content":{"rendered":"<div class=\"wpb-content-wrapper\"><p>[vc_section css=&#8221;.vc_custom_1775466937976{background-position: center !important;background-repeat: no-repeat !important;background-size: cover !important;}&#8221; el_class=&#8221;bg-color-primary bg-center-top bg-no-repeat bg-size-cover bg-color-black&#8221;][vc_row][vc_column][vc_empty_space height=&#8221;120px&#8221; el_class=&#8221;show-for-large&#8221;][vc_empty_space height=&#8221;60px&#8221; el_class=&#8221;hide-for-large&#8221;][vc_column_text css=&#8221;&#8221; el_class=&#8221;text-center&#8221;]<\/p>\n<h1 class=\"\"><span class=\"font-weight-bold font-color-white font-gredient-light border-bottom\">C\u00e0i \u0111\u1eb7t Cookie<\/span><\/h1>\n<p>[\/vc_column_text][vc_empty_space height=&#8221;60px&#8221; el_class=&#8221;hide-for-large&#8221;][vc_empty_space height=&#8221;120px&#8221; el_class=&#8221;show-for-large&#8221;][\/vc_column][\/vc_row][\/vc_section][vc_section css=&#8221;.vc_custom_1775467095217{background-position: center !important;background-repeat: no-repeat !important;background-size: cover !important;}&#8221;][vc_row el_class=&#8221;row no-padding-vc&#8221;][vc_column el_class=&#8221;columns large-12&#8243;][vc_empty_space height=&#8221;120px&#8221; el_class=&#8221;show-for-large&#8221;][vc_empty_space height=&#8221;60px&#8221; el_class=&#8221;hide-for-large&#8221;][vc_column_text css=&#8221;&#8221;]<\/p>\n<h2 class=\"h4\">Cookie l\u00e0 g\u00ec?<\/h2>\n<p>Cookie l\u00e0 c\u00e1c t\u1ec7p v\u0103n b\u1ea3n nh\u1ecf \u0111\u01b0\u1ee3c l\u01b0u tr\u00ean thi\u1ebft b\u1ecb c\u1ee7a qu\u00fd v\u1ecb khi qu\u00fd v\u1ecb truy c\u1eadp m\u1ed9t trang web. Ch\u00fang gi\u00fap c\u00e1c trang web ho\u1ea1t \u0111\u1ed9ng b\u00ecnh th\u01b0\u1eddng, ghi nh\u1edb c\u00e1c t\u00f9y ch\u1ecdn c\u1ee7a qu\u00fd v\u1ecb v\u00e0 cung c\u1ea5p th\u00f4ng tin cho ch\u1ee7 s\u1edf h\u1eefu trang web v\u1ec1 c\u00e1ch kh\u00e1ch truy c\u1eadp s\u1eed d\u1ee5ng trang web c\u1ee7a h\u1ecd. <\/p>\n<h2 class=\"h4\">C\u00e1ch ch\u00fang t\u00f4i s\u1eed d\u1ee5ng Cookie<\/h2>\n<p>Jampoo Trading Solutions s\u1eed d\u1ee5ng cookie \u0111\u1ec3 \u0111\u1ea3m b\u1ea3o trang web c\u1ee7a ch\u00fang t\u00f4i ho\u1ea1t \u0111\u1ed9ng ch\u00ednh x\u00e1c v\u00e0 \u0111\u1ec3 hi\u1ec3u r\u00f5 h\u01a1n v\u1ec1 c\u00e1ch kh\u00e1ch truy c\u1eadp t\u01b0\u01a1ng t\u00e1c v\u1edbi n\u1ed9i dung c\u1ee7a ch\u00fang t\u00f4i. Ch\u00fang t\u00f4i kh\u00f4ng s\u1eed d\u1ee5ng cookie \u0111\u1ec3 x\u00e2y d\u1ef1ng h\u1ed3 s\u01a1 qu\u1ea3ng c\u00e1o ho\u1eb7c b\u00e1n d\u1eef li\u1ec7u c\u1ee7a qu\u00fd v\u1ecb cho b\u00ean th\u1ee9 ba. <\/p>\n<h2 class=\"h4\">C\u00e1c lo\u1ea1i Cookie ch\u00fang t\u00f4i s\u1eed d\u1ee5ng<\/h2>\n<p><strong>Cookie thi\u1ebft y\u1ebfu<\/strong><br \/>C\u00e1c cookie n\u00e0y r\u1ea5t quan tr\u1ecdng \u0111\u1ec3 trang web ho\u1ea1t \u0111\u1ed9ng v\u00e0 kh\u00f4ng th\u1ec3 t\u1eaft \u0111\u01b0\u1ee3c. Ch\u00fang \u0111\u01b0\u1ee3c thi\u1ebft l\u1eadp \u0111\u1ec3 ph\u1ea3n h\u1ed3i c\u00e1c h\u00e0nh \u0111\u1ed9ng c\u1ee7a qu\u00fd v\u1ecb, ch\u1eb3ng h\u1ea1n nh\u01b0 \u0111i\u1ec1n v\u00e0o bi\u1ec3u m\u1eabu li\u00ean h\u1ec7 ho\u1eb7c thi\u1ebft l\u1eadp t\u00f9y ch\u1ecdn quy\u1ec1n ri\u00eang t\u01b0. N\u1ebfu kh\u00f4ng c\u00f3 c\u00e1c cookie n\u00e0y, trang web kh\u00f4ng th\u1ec3 ho\u1ea1t \u0111\u1ed9ng b\u00ecnh th\u01b0\u1eddng.  <\/p>\n<p><strong>Cookie hi\u1ec7u su\u1ea5t v\u00e0 ph\u00e2n t\u00edch<\/strong><br \/>C\u00e1c cookie n\u00e0y cho ph\u00e9p ch\u00fang t\u00f4i \u0111\u1ebfm l\u01b0\u1ee3t truy c\u1eadp v\u00e0 hi\u1ec3u c\u00e1ch kh\u00e1ch truy c\u1eadp \u0111i\u1ec1u h\u01b0\u1edbng trang web c\u1ee7a m\u00ecnh. Th\u00f4ng tin thu th\u1eadp \u0111\u01b0\u1ee3c t\u1ed5ng h\u1ee3p v\u00e0 \u1ea9n danh. N\u00f3 gi\u00fap ch\u00fang t\u00f4i x\u00e1c \u0111\u1ecbnh trang n\u00e0o h\u1eefu \u00edch nh\u1ea5t v\u00e0 n\u01a1i ch\u00fang t\u00f4i c\u00f3 th\u1ec3 c\u1ea3i thi\u1ec7n. N\u1ebfu qu\u00fd v\u1ecb v\u00f4 hi\u1ec7u h\u00f3a c\u00e1c cookie n\u00e0y, ch\u00fang t\u00f4i s\u1ebd kh\u00f4ng th\u1ec3 theo d\u00f5i hi\u1ec7u su\u1ea5t c\u1ee7a trang web.   <\/p>\n<p><strong>Cookie ch\u1ee9c n\u0103ng<\/strong><br \/>C\u00e1c cookie n\u00e0y cho ph\u00e9p trang web cung c\u1ea5p ch\u1ee9c n\u0103ng n\u00e2ng cao v\u00e0 ghi nh\u1edb c\u00e1c l\u1ef1a ch\u1ecdn c\u1ee7a qu\u00fd v\u1ecb (ch\u1eb3ng h\u1ea1n nh\u01b0 t\u00f9y ch\u1ecdn ng\u00f4n ng\u1eef). Ch\u00fang c\u00f3 th\u1ec3 \u0111\u01b0\u1ee3c thi\u1ebft l\u1eadp b\u1edfi ch\u00fang t\u00f4i ho\u1eb7c b\u1edfi c\u00e1c nh\u00e0 cung c\u1ea5p b\u00ean th\u1ee9 ba c\u00f3 d\u1ecbch v\u1ee5 m\u00e0 ch\u00fang t\u00f4i \u0111\u00e3 th\u00eam v\u00e0o c\u00e1c trang c\u1ee7a m\u00ecnh. <\/p>\n<p><strong>Cookie c\u1ee7a b\u00ean th\u1ee9 ba<\/strong><br \/>Trang web c\u1ee7a ch\u00fang t\u00f4i c\u00f3 th\u1ec3 bao g\u1ed3m n\u1ed9i dung ho\u1eb7c c\u00f4ng c\u1ee5 t\u1eeb c\u00e1c d\u1ecbch v\u1ee5 c\u1ee7a b\u00ean th\u1ee9 ba. C\u00e1c b\u00ean th\u1ee9 ba n\u00e0y c\u00f3 th\u1ec3 thi\u1ebft l\u1eadp cookie c\u1ee7a ri\u00eang h\u1ecd tr\u00ean thi\u1ebft b\u1ecb c\u1ee7a qu\u00fd v\u1ecb. Ch\u00fang t\u00f4i c\u00f3 quy\u1ec1n ki\u1ec3m so\u00e1t h\u1ea1n ch\u1ebf \u0111\u1ed1i v\u1edbi c\u00e1c cookie n\u00e0y. Vui l\u00f2ng tham kh\u1ea3o ch\u00ednh s\u00e1ch quy\u1ec1n ri\u00eang t\u01b0 t\u01b0\u01a1ng \u1ee9ng c\u1ee7a c\u00e1c b\u00ean th\u1ee9 ba \u0111\u00f3 \u0111\u1ec3 bi\u1ebft th\u00eam th\u00f4ng tin.   <\/p>\n<h2 class=\"h4\">Qu\u1ea3n l\u00fd t\u00f9y ch\u1ecdn Cookie c\u1ee7a qu\u00fd v\u1ecb<\/h2>\n<p>Qu\u00fd v\u1ecb c\u00f3 quy\u1ec1n ch\u1ecdn lo\u1ea1i cookie m\u00e0 m\u00ecnh ch\u1ea5p nh\u1eadn. Qu\u00fd v\u1ecb c\u00f3 th\u1ec3 qu\u1ea3n l\u00fd c\u00e1c t\u00f9y ch\u1ecdn c\u1ee7a m\u00ecnh b\u1ea5t k\u1ef3 l\u00fac n\u00e0o b\u1eb1ng c\u00e1ch: <\/p>\n<ul>\n<li>\u0110i\u1ec1u ch\u1ec9nh c\u00e0i \u0111\u1eb7t tr\u00ecnh duy\u1ec7t c\u1ee7a qu\u00fd v\u1ecb \u0111\u1ec3 t\u1eeb ch\u1ed1i m\u1ed9t s\u1ed1 ho\u1eb7c t\u1ea5t c\u1ea3 c\u00e1c cookie<\/li>\n<li>S\u1eed d\u1ee5ng c\u00f4ng c\u1ee5 ch\u1ea5p thu\u1eadn cookie tr\u00ean trang web c\u1ee7a ch\u00fang t\u00f4i khi n\u00f3 \u0111\u01b0\u1ee3c hi\u1ec3n th\u1ecb<\/li>\n<li>X\u00f3a c\u00e1c cookie hi\u1ec7n c\u00f3 kh\u1ecfi tr\u00ecnh duy\u1ec7t c\u1ee7a qu\u00fd v\u1ecb b\u1ea5t k\u1ef3 l\u00fac n\u00e0o<\/li>\n<\/ul>\n<p>Vui l\u00f2ng l\u01b0u \u00fd r\u1eb1ng vi\u1ec7c v\u00f4 hi\u1ec7u h\u00f3a m\u1ed9t s\u1ed1 cookie nh\u1ea5t \u0111\u1ecbnh c\u00f3 th\u1ec3 \u1ea3nh h\u01b0\u1edfng \u0111\u1ebfn ch\u1ee9c n\u0103ng c\u1ee7a trang web v\u00e0 tr\u1ea3i nghi\u1ec7m c\u1ee7a qu\u00fd v\u1ecb v\u1edbi t\u01b0 c\u00e1ch l\u00e0 kh\u00e1ch truy c\u1eadp.<\/p>\n<h2 class=\"h4\">Ki\u1ec3m so\u00e1t \u1edf c\u1ea5p \u0111\u1ed9 tr\u00ecnh duy\u1ec7t<\/h2>\n<p>C\u00e1c t\u00f9y ch\u1ecdn qu\u1ea3n l\u00fd cookie c\u00f3 s\u1eb5n trong h\u1ea7u h\u1ebft c\u00e1c tr\u00ecnh duy\u1ec7t hi\u1ec7n \u0111\u1ea1i. H\u00e3y tham kh\u1ea3o ph\u1ea7n tr\u1ee3 gi\u00fap c\u1ee7a tr\u00ecnh duy\u1ec7t \u0111\u1ec3 bi\u1ebft h\u01b0\u1edbng d\u1eabn v\u1ec1 c\u00e1ch qu\u1ea3n l\u00fd t\u00f9y ch\u1ecdn cookie cho: <\/p>\n<ul>\n<li>Google Chrome<\/li>\n<li>Mozilla Firefox<\/li>\n<li>Apple Safari<\/li>\n<li>Microsoft Edge<\/li>\n<\/ul>\n<h2 class=\"h4\">Kh\u00f4ng theo d\u00f5i (Do Not Track)<\/h2>\n<p>M\u1ed9t s\u1ed1 tr\u00ecnh duy\u1ec7t cung c\u1ea5p c\u00e0i \u0111\u1eb7t \u201cKh\u00f4ng theo d\u00f5i\u201d. Trang web c\u1ee7a ch\u00fang t\u00f4i hi\u1ec7n kh\u00f4ng thay \u0111\u1ed5i c\u00e1c ho\u1ea1t \u0111\u1ed9ng thu th\u1eadp d\u1eef li\u1ec7u \u0111\u1ec3 ph\u1ea3n h\u1ed3i c\u00e1c t\u00edn hi\u1ec7u Kh\u00f4ng theo d\u00f5i, v\u00ec kh\u00f4ng c\u00f3 ti\u00eau chu\u1ea9n chung n\u00e0o \u0111\u01b0\u1ee3c ch\u1ea5p nh\u1eadn v\u1ec1 c\u00e1ch c\u00e1c trang web n\u00ean ph\u1ea3n h\u1ed3i c\u00e1c t\u00edn hi\u1ec7u \u0111\u00f3. <\/p>\n<h2 class=\"h4\">C\u1eadp nh\u1eadt cho ch\u00ednh s\u00e1ch n\u00e0y<\/h2>\n<p>Ch\u00fang t\u00f4i c\u00f3 th\u1ec3 c\u1eadp nh\u1eadt trang C\u00e0i \u0111\u1eb7t Cookie khi vi\u1ec7c s\u1eed d\u1ee5ng cookie c\u1ee7a ch\u00fang t\u00f4i thay \u0111\u1ed5i ho\u1eb7c \u0111\u1ec3 ph\u1ea3n h\u1ed3i c\u00e1c c\u1eadp nh\u1eadt trong lu\u1eadt ph\u00e1p hi\u1ec7n h\u00e0nh. Ch\u00fang t\u00f4i khuy\u1ebfn kh\u00edch qu\u00fd v\u1ecb ki\u1ec3m tra trang n\u00e0y \u0111\u1ecbnh k\u1ef3. <\/p>\n<h2 class=\"h4\">Li\u00ean h\u1ec7 v\u1edbi ch\u00fang t\u00f4i<\/h2>\n<p>N\u1ebfu qu\u00fd v\u1ecb c\u00f3 th\u1eafc m\u1eafc v\u1ec1 vi\u1ec7c ch\u00fang t\u00f4i s\u1eed d\u1ee5ng cookie, vui l\u00f2ng li\u00ean h\u1ec7 v\u1edbi ch\u00fang t\u00f4i:<\/p>\n<p>\n  <strong>Jampoo Trading Solutions<\/strong><br \/> Email: info@jampootrading.solutions<br \/> Tr\u1ee5 s\u1edf ch\u00ednh to\u00e0n c\u1ea7u: \u0110\u00e0i B\u1eafc, \u0110\u00e0i Loan\n<\/p>\n<p>[\/vc_column_text][vc_empty_space height=&#8221;60px&#8221; el_class=&#8221;hide-for-large&#8221;][vc_empty_space height=&#8221;120px&#8221; el_class=&#8221;show-for-large&#8221;][\/vc_column][\/vc_row][\/vc_section]<\/p>\n<\/div>","protected":false},"excerpt":{"rendered":"<p>[vc_section css=&#8221;.vc_custom_1775466937976{background-position: center !important;background-repeat: no-repeat !important;background-size: cover !important;}&#8221; el_class=&#8221;bg-color-primary bg-center-top bg-no-repeat bg-size-cover bg-color-black&#8221;][vc_row][vc_column][vc_empty_space height=&#8221;120px&#8221; el_class=&#8221;show-for-large&#8221;][vc_empty_space height=&#8221;60px&#8221; el_class=&#8221;hide-for-large&#8221;][vc_column_text css=&#8221;&#8221; el_class=&#8221;text-center&#8221;] C\u00e0i \u0111\u1eb7t Cookie [\/vc_column_text][vc_empty_space height=&#8221;60px&#8221; el_class=&#8221;hide-for-large&#8221;][vc_empty_space height=&#8221;120px&#8221; el_class=&#8221;show-for-large&#8221;][\/vc_column][\/vc_row][\/vc_section][vc_section css=&#8221;.vc_custom_1775467095217{background-position: center !important;background-repeat: no-repeat !important;background-size: cover !important;}&#8221;][vc_row el_class=&#8221;row no-padding-vc&#8221;][vc_column el_class=&#8221;columns large-12&#8243;][vc_empty_space height=&#8221;120px&#8221; el_class=&#8221;show-for-large&#8221;][vc_empty_space height=&#8221;60px&#8221; el_class=&#8221;hide-for-large&#8221;][vc_column_text css=&#8221;&#8221;] Cookie l\u00e0 g\u00ec? Cookie l\u00e0 c\u00e1c t\u1ec7p v\u0103n b\u1ea3n nh\u1ecf \u0111\u01b0\u1ee3c l\u01b0u<a class=\"excerpt-read-more\" href=\"https:\/\/www.jampootrading.solutions\/vi\/cai-dat-cookie\/\" title=\"ReadC\u00e0i \u0111\u1eb7t Cookie\">&#8230; Read more &raquo;<\/a><\/p>\n","protected":false},"author":1,"featured_media":0,"parent":0,"menu_order":0,"comment_status":"closed","ping_status":"closed","template":"template-visual-builder.php","meta":{"_acf_changed":false,"footnotes":""},"class_list":["post-775","page","type-page","status-publish","hentry"],"acf":[],"_links":{"self":[{"href":"https:\/\/www.jampootrading.solutions\/vi\/wp-json\/wp\/v2\/pages\/775","targetHints":{"allow":["GET"]}}],"collection":[{"href":"https:\/\/www.jampootrading.solutions\/vi\/wp-json\/wp\/v2\/pages"}],"about":[{"href":"https:\/\/www.jampootrading.solutions\/vi\/wp-json\/wp\/v2\/types\/page"}],"author":[{"embeddable":true,"href":"https:\/\/www.jampootrading.solutions\/vi\/wp-json\/wp\/v2\/users\/1"}],"replies":[{"embeddable":true,"href":"https:\/\/www.jampootrading.solutions\/vi\/wp-json\/wp\/v2\/comments?post=775"}],"version-history":[{"count":6,"href":"https:\/\/www.jampootrading.solutions\/vi\/wp-json\/wp\/v2\/pages\/775\/revisions"}],"predecessor-version":[{"id":1370,"href":"https:\/\/www.jampootrading.solutions\/vi\/wp-json\/wp\/v2\/pages\/775\/revisions\/1370"}],"wp:attachment":[{"href":"https:\/\/www.jampootrading.solutions\/vi\/wp-json\/wp\/v2\/media?parent=775"}],"curies":[{"name":"wp","href":"https:\/\/api.w.org\/{rel}","templated":true}]}}