{"id":1032,"date":"2026-04-06T09:17:40","date_gmt":"2026-04-06T09:17:40","guid":{"rendered":"https:\/\/www.jampootrading.solutions\/chinh-sach-bao-mat\/"},"modified":"2026-05-11T14:42:49","modified_gmt":"2026-05-11T14:42:49","slug":"chinh-sach-bao-mat","status":"publish","type":"page","link":"https:\/\/www.jampootrading.solutions\/vi\/chinh-sach-bao-mat\/","title":{"rendered":"Ch\u00ednh s\u00e1ch B\u1ea3o m\u1eadt"},"content":{"rendered":"<div class=\"wpb-content-wrapper\"><p>[vc_section css=&#8221;.vc_custom_1775466937976{background-position: center !important;background-repeat: no-repeat !important;background-size: cover !important;}&#8221; el_class=&#8221;bg-color-primary bg-center-top bg-no-repeat bg-size-cover bg-color-black&#8221;][vc_row][vc_column][vc_empty_space height=&#8221;120px&#8221; el_class=&#8221;show-for-large&#8221;][vc_empty_space height=&#8221;60px&#8221; el_class=&#8221;hide-for-large&#8221;][vc_column_text css=&#8221;&#8221; el_class=&#8221;text-center&#8221;]<\/p>\n<h1 class=\"\"><span class=\"font-weight-bold font-color-white font-gredient-light border-bottom\">Ch\u00ednh s\u00e1ch B\u1ea3o m\u1eadt<\/span><\/h1>\n<p>[\/vc_column_text][vc_empty_space height=&#8221;60px&#8221; el_class=&#8221;hide-for-large&#8221;][vc_empty_space height=&#8221;120px&#8221; el_class=&#8221;show-for-large&#8221;][\/vc_column][\/vc_row][\/vc_section][vc_section css=&#8221;.vc_custom_1775467095217{background-position: center !important;background-repeat: no-repeat !important;background-size: cover !important;}&#8221;][vc_row el_class=&#8221;row no-padding-vc&#8221;][vc_column el_class=&#8221;columns large-12&#8243;][vc_empty_space height=&#8221;120px&#8221; el_class=&#8221;show-for-large&#8221;][vc_empty_space height=&#8221;60px&#8221; el_class=&#8221;hide-for-large&#8221;][vc_column_text css=&#8221;&#8221;]<\/p>\n<h2 class=\"h4\">1. Gi\u1edbi thi\u1ec7u<\/h2>\n<p>Jampoo Trading Solutions (&#8220;ch\u00fang t\u00f4i&#8221;, &#8220;c\u1ee7a ch\u00fang t\u00f4i&#8221; ho\u1eb7c &#8220;ch\u00fang t\u00f4i&#8221;) cam k\u1ebft b\u1ea3o v\u1ec7 th\u00f4ng tin c\u00e1 nh\u00e2n c\u1ee7a qu\u00fd v\u1ecb. Ch\u00ednh s\u00e1ch B\u1ea3o m\u1eadt n\u00e0y gi\u1ea3i th\u00edch c\u00e1ch ch\u00fang t\u00f4i thu th\u1eadp, s\u1eed d\u1ee5ng, ti\u1ebft l\u1ed9 v\u00e0 b\u1ea3o v\u1ec7 th\u00f4ng tin khi qu\u00fd v\u1ecb truy c\u1eadp trang web c\u1ee7a ch\u00fang t\u00f4i t\u1ea1i www.jampootrading.solutions ho\u1eb7c giao ti\u1ebfp v\u1edbi ch\u00fang t\u00f4i trong qu\u00e1 tr\u00ecnh kinh doanh. <\/p>\n<h2 class=\"h4\">2. Th\u00f4ng tin ch\u00fang t\u00f4i thu th\u1eadp<\/h2>\n<p><strong>Th\u00f4ng tin qu\u00fd v\u1ecb cung c\u1ea5p tr\u1ef1c ti\u1ebfp:<\/strong><br \/>\nCh\u00fang t\u00f4i thu th\u1eadp th\u00f4ng tin qu\u00fd v\u1ecb t\u1ef1 nguy\u1ec7n g\u1eedi th\u00f4ng qua bi\u1ec3u m\u1eabu li\u00ean h\u1ec7 ho\u1eb7c b\u1eb1ng c\u00e1ch li\u00ean h\u1ec7 tr\u1ef1c ti\u1ebfp v\u1edbi ch\u00fang t\u00f4i. Th\u00f4ng tin n\u00e0y c\u00f3 th\u1ec3 bao g\u1ed3m t\u00ean, h\u1ecd, \u0111\u1ecba ch\u1ec9 email c\u00f4ng vi\u1ec7c v\u00e0 n\u1ed9i dung tin nh\u1eafn c\u1ee7a qu\u00fd v\u1ecb. <\/p>\n<p><strong>Th\u00f4ng tin \u0111\u01b0\u1ee3c thu th\u1eadp t\u1ef1 \u0111\u1ed9ng:<\/strong><br \/>\nKhi qu\u00fd v\u1ecb truy c\u1eadp trang web c\u1ee7a ch\u00fang t\u00f4i, ch\u00fang t\u00f4i c\u00f3 th\u1ec3 t\u1ef1 \u0111\u1ed9ng thu th\u1eadp m\u1ed9t s\u1ed1 th\u00f4ng tin k\u1ef9 thu\u1eadt nh\u1ea5t \u0111\u1ecbnh, bao g\u1ed3m \u0111\u1ecba ch\u1ec9 IP, lo\u1ea1i tr\u00ecnh duy\u1ec7t, h\u1ec7 \u0111i\u1ec1u h\u00e0nh, URL gi\u1edbi thi\u1ec7u, c\u00e1c trang \u0111\u00e3 truy c\u1eadp, c\u0169ng nh\u01b0 ng\u00e0y v\u00e0 gi\u1edd truy c\u1eadp c\u1ee7a qu\u00fd v\u1ecb. Th\u00f4ng tin n\u00e0y \u0111\u01b0\u1ee3c thu th\u1eadp th\u00f4ng qua c\u00e1c c\u00f4ng ngh\u1ec7 web ti\u00eau chu\u1ea9n nh\u01b0 cookie v\u00e0 nh\u1eadt k\u00fd m\u00e1y ch\u1ee7. <\/p>\n<p>Th\u00f4ng tin di \u0111\u1ed9ng s\u1ebd kh\u00f4ng \u0111\u01b0\u1ee3c chia s\u1ebb v\u1edbi b\u00ean th\u1ee9 ba\/c\u00e1c \u0111\u01a1n v\u1ecb li\u00ean k\u1ebft cho m\u1ee5c \u0111\u00edch ti\u1ebfp th\u1ecb ho\u1eb7c qu\u1ea3ng b\u00e1. T\u1ea5t c\u1ea3 d\u1eef li\u1ec7u \u0111\u1ed3ng \u00fd nh\u1eadn SMS ch\u1ec9 \u0111\u01b0\u1ee3c s\u1eed d\u1ee5ng cho m\u1ee5c \u0111\u00edch li\u00ean l\u1ea1c \u0111\u00e3 \u0111\u1ecbnh. <\/p>\n<h2 class=\"h4\">3. C\u00e1ch ch\u00fang t\u00f4i s\u1eed d\u1ee5ng th\u00f4ng tin c\u1ee7a qu\u00fd v\u1ecb<\/h2>\n<p>Ch\u00fang t\u00f4i s\u1eed d\u1ee5ng th\u00f4ng tin thu th\u1eadp \u0111\u01b0\u1ee3c \u0111\u1ec3:<\/p>\n<ul>\n<li>Ph\u1ea3n h\u1ed3i c\u00e1c y\u00eau c\u1ea7u c\u1ee7a qu\u00fd v\u1ecb v\u00e0 t\u1ea1o \u0111i\u1ec1u ki\u1ec7n thu\u1eadn l\u1ee3i cho giao ti\u1ebfp kinh doanh<\/li>\n<li>Cung c\u1ea5p th\u00f4ng tin v\u1ec1 c\u00e1c d\u1ecbch v\u1ee5 t\u00ecm ngu\u1ed3n cung \u1ee9ng, h\u1eadu c\u1ea7n v\u00e0 chu\u1ed7i cung \u1ee9ng c\u1ee7a ch\u00fang t\u00f4i<\/li>\n<li>C\u1ea3i thi\u1ec7n v\u00e0 t\u1ed1i \u01b0u h\u00f3a trang web c\u0169ng nh\u01b0 tr\u1ea3i nghi\u1ec7m ng\u01b0\u1eddi d\u00f9ng c\u1ee7a ch\u00fang t\u00f4i<\/li>\n<li>Tu\u00e2n th\u1ee7 c\u00e1c ngh\u0129a v\u1ee5 ph\u00e1p l\u00fd hi\u1ec7n h\u00e0nh<\/li>\n<li>Duy tr\u00ec t\u00ednh b\u1ea3o m\u1eadt v\u00e0 to\u00e0n v\u1eb9n cho h\u1ec7 th\u1ed1ng c\u1ee7a ch\u00fang t\u00f4i<\/li>\n<\/ul>\n<p>Ch\u00fang t\u00f4i kh\u00f4ng b\u00e1n, cho thu\u00ea ho\u1eb7c trao \u0111\u1ed5i th\u00f4ng tin c\u00e1 nh\u00e2n c\u1ee7a qu\u00fd v\u1ecb v\u1edbi b\u00ean th\u1ee9 ba cho m\u1ee5c \u0111\u00edch ti\u1ebfp th\u1ecb c\u1ee7a h\u1ecd.<\/p>\n<h2 class=\"h4\">4. C\u01a1 s\u1edf ph\u00e1p l\u00fd cho vi\u1ec7c x\u1eed l\u00fd (d\u00e0nh cho ng\u01b0\u1eddi d\u00f9ng \u1edf EU\/EEA)<\/h2>\n<p>Trong tr\u01b0\u1eddng h\u1ee3p \u00e1p d\u1ee5ng Quy \u0111\u1ecbnh chung v\u1ec1 B\u1ea3o v\u1ec7 D\u1eef li\u1ec7u (GDPR), ch\u00fang t\u00f4i x\u1eed l\u00fd d\u1eef li\u1ec7u c\u00e1 nh\u00e2n c\u1ee7a qu\u00fd v\u1ecb d\u1ef1a tr\u00ean c\u00e1c c\u01a1 s\u1edf ph\u00e1p l\u00fd sau:<\/p>\n<ul>\n<li><strong>L\u1ee3i \u00edch h\u1ee3p ph\u00e1p:<\/strong> \u0110\u1ec3 ph\u1ea3n h\u1ed3i c\u00e1c y\u00eau c\u1ea7u kinh doanh v\u00e0 duy tr\u00ec ho\u1ea1t \u0111\u1ed9ng c\u1ee7a ch\u00fang t\u00f4i<\/li>\n<li><strong>S\u1ef1 \u0111\u1ed3ng \u00fd:<\/strong> Trong tr\u01b0\u1eddng h\u1ee3p qu\u00fd v\u1ecb \u0111\u00e3 \u0111\u1ed3ng \u00fd r\u00f5 r\u00e0ng v\u1ec1 vi\u1ec7c nh\u1eadn th\u00f4ng tin li\u00ean l\u1ea1c t\u1eeb ch\u00fang t\u00f4i<\/li>\n<li><strong>Ngh\u0129a v\u1ee5 ph\u00e1p l\u00fd:<\/strong> Trong tr\u01b0\u1eddng h\u1ee3p vi\u1ec7c x\u1eed l\u00fd l\u00e0 b\u1eaft bu\u1ed9c \u0111\u1ec3 tu\u00e2n th\u1ee7 lu\u1eadt ph\u00e1p hi\u1ec7n h\u00e0nh<\/li>\n<\/ul>\n<h2 class=\"h4\">5. Chia s\u1ebb th\u00f4ng tin<\/h2>\n<p>Ch\u00fang t\u00f4i c\u00f3 th\u1ec3 chia s\u1ebb th\u00f4ng tin c\u1ee7a qu\u00fd v\u1ecb v\u1edbi:<\/p>\n<ul>\n<li><strong>Nh\u00e0 cung c\u1ea5p d\u1ecbch v\u1ee5:<\/strong> C\u00e1c nh\u00e0 cung c\u1ea5p b\u00ean th\u1ee9 ba h\u1ed7 tr\u1ee3 ch\u00fang t\u00f4i v\u1eadn h\u00e0nh trang web, th\u1ef1c hi\u1ec7n kinh doanh ho\u1eb7c ph\u1ee5c v\u1ee5 qu\u00fd v\u1ecb, tu\u00e2n theo c\u00e1c ngh\u0129a v\u1ee5 b\u1ea3o m\u1eadt<\/li>\n<li><strong>\u0110\u1ed1i t\u00e1c kinh doanh:<\/strong> Li\u00ean quan \u0111\u1ebfn c\u00e1c ho\u1ea1t \u0111\u1ed9ng chu\u1ed7i cung \u1ee9ng to\u00e0n c\u1ea7u c\u1ee7a ch\u00fang t\u00f4i, khi c\u1ea7n thi\u1ebft v\u00e0 v\u1edbi c\u00e1c bi\u1ec7n ph\u00e1p b\u1ea3o v\u1ec7 th\u00edch h\u1ee3p<\/li>\n<li><strong>C\u01a1 quan ph\u00e1p lu\u1eadt:<\/strong> Khi \u0111\u01b0\u1ee3c y\u00eau c\u1ea7u b\u1edfi lu\u1eadt ph\u00e1p, quy \u0111\u1ecbnh ho\u1eb7c quy tr\u00ecnh ph\u00e1p l\u00fd<\/li>\n<\/ul>\n<h2 class=\"h4\">6. Chuy\u1ec3n d\u1eef li\u1ec7u qu\u1ed1c t\u1ebf<\/h2>\n<p>Jampoo Trading Solutions ho\u1ea1t \u0111\u1ed9ng tr\u00ean to\u00e0n c\u1ea7u v\u1edbi tr\u1ee5 s\u1edf ch\u00ednh t\u1ea1i \u0110\u00e0i B\u1eafc, \u0110\u00e0i Loan v\u00e0 m\u1ea1ng l\u01b0\u1edbi tr\u1ea3i d\u00e0i kh\u1eafp \u0110\u00f4ng Nam \u00c1, Ch\u00e2u \u00c2u v\u00e0 M\u1ef9 Latinh. Th\u00f4ng tin c\u1ee7a qu\u00fd v\u1ecb c\u00f3 th\u1ec3 \u0111\u01b0\u1ee3c chuy\u1ec3n \u0111\u1ebfn v\u00e0 x\u1eed l\u00fd t\u1ea1i c\u00e1c qu\u1ed1c gia b\u00ean ngo\u00e0i qu\u1ed1c gia n\u01a1i qu\u00fd v\u1ecb c\u01b0 tr\u00fa. Ch\u00fang t\u00f4i th\u1ef1c hi\u1ec7n c\u00e1c b\u01b0\u1edbc th\u00edch h\u1ee3p \u0111\u1ec3 \u0111\u1ea3m b\u1ea3o vi\u1ec7c chuy\u1ec3n giao \u0111\u00f3 tu\u00e2n th\u1ee7 c\u00e1c lu\u1eadt b\u1ea3o v\u1ec7 d\u1eef li\u1ec7u hi\u1ec7n h\u00e0nh.  <\/p>\n<h2 class=\"h4\">7. L\u01b0u tr\u1eef d\u1eef li\u1ec7u<\/h2>\n<p>Ch\u00fang t\u00f4i l\u01b0u gi\u1eef th\u00f4ng tin c\u00e1 nh\u00e2n c\u1ee7a qu\u00fd v\u1ecb trong th\u1eddi gian c\u1ea7n thi\u1ebft \u0111\u1ec3 th\u1ef1c hi\u1ec7n c\u00e1c m\u1ee5c \u0111\u00edch \u0111\u01b0\u1ee3c n\u00eau trong Ch\u00ednh s\u00e1ch B\u1ea3o m\u1eadt n\u00e0y, tr\u1eeb khi lu\u1eadt ph\u00e1p y\u00eau c\u1ea7u ho\u1eb7c cho ph\u00e9p th\u1eddi gian l\u01b0u gi\u1eef l\u00e2u h\u01a1n. D\u1eef li\u1ec7u y\u00eau c\u1ea7u kinh doanh th\u01b0\u1eddng \u0111\u01b0\u1ee3c l\u01b0u gi\u1eef t\u1ed1i \u0111a ba n\u0103m k\u1ec3 t\u1eeb ng\u00e0y li\u00ean l\u1ea1c cu\u1ed1i c\u00f9ng. <\/p>\n<h2 class=\"h4\">8. Quy\u1ec1n c\u1ee7a qu\u00fd v\u1ecb<\/h2>\n<p>T\u00f9y thu\u1ed9c v\u00e0o v\u1ecb tr\u00ed c\u1ee7a qu\u00fd v\u1ecb, qu\u00fd v\u1ecb c\u00f3 th\u1ec3 c\u00f3 quy\u1ec1n:<\/p>\n<ul>\n<li>Truy c\u1eadp th\u00f4ng tin c\u00e1 nh\u00e2n m\u00e0 ch\u00fang t\u00f4i n\u1eafm gi\u1eef v\u1ec1 qu\u00fd v\u1ecb<\/li>\n<li>Y\u00eau c\u1ea7u ch\u1ec9nh s\u1eeda d\u1eef li\u1ec7u kh\u00f4ng ch\u00ednh x\u00e1c ho\u1eb7c kh\u00f4ng \u0111\u1ea7y \u0111\u1ee7<\/li>\n<li>Y\u00eau c\u1ea7u x\u00f3a d\u1eef li\u1ec7u c\u00e1 nh\u00e2n c\u1ee7a qu\u00fd v\u1ecb<\/li>\n<li>Ph\u1ea3n \u0111\u1ed1i ho\u1eb7c h\u1ea1n ch\u1ebf m\u1ed9t s\u1ed1 lo\u1ea1i h\u00ecnh x\u1eed l\u00fd nh\u1ea5t \u0111\u1ecbnh<\/li>\n<li>R\u00fat l\u1ea1i s\u1ef1 \u0111\u1ed3ng \u00fd b\u1ea5t c\u1ee9 l\u00fac n\u00e0o, trong tr\u01b0\u1eddng h\u1ee3p vi\u1ec7c x\u1eed l\u00fd d\u1ef1a tr\u00ean s\u1ef1 \u0111\u1ed3ng \u00fd<\/li>\n<li>Khi\u1ebfu n\u1ea1i v\u1edbi c\u01a1 quan b\u1ea3o v\u1ec7 d\u1eef li\u1ec7u c\u00f3 th\u1ea9m quy\u1ec1n<\/li>\n<\/ul>\n<p>\u0110\u1ec3 th\u1ef1c hi\u1ec7n b\u1ea5t k\u1ef3 quy\u1ec1n n\u00e0o trong s\u1ed1 n\u00e0y, vui l\u00f2ng li\u00ean h\u1ec7 v\u1edbi ch\u00fang t\u00f4i t\u1ea1i info@jampootrading.solutions.<\/p>\n<h2 class=\"h4\">9. B\u1ea3o m\u1eadt<\/h2>\n<p>Ch\u00fang t\u00f4i tri\u1ec3n khai c\u00e1c bi\u1ec7n ph\u00e1p k\u1ef9 thu\u1eadt v\u00e0 t\u1ed5 ch\u1ee9c h\u1ee3p l\u00fd \u0111\u1ec3 b\u1ea3o v\u1ec7 th\u00f4ng tin c\u00e1 nh\u00e2n c\u1ee7a qu\u00fd v\u1ecb kh\u1ecfi b\u1ecb truy c\u1eadp, m\u1ea5t m\u00e1t, thay \u0111\u1ed5i ho\u1eb7c ti\u1ebft l\u1ed9 tr\u00e1i ph\u00e9p. Tuy nhi\u00ean, kh\u00f4ng c\u00f3 ph\u01b0\u01a1ng th\u1ee9c truy\u1ec1n t\u1ea3i n\u00e0o qua internet l\u00e0 an to\u00e0n tuy\u1ec7t \u0111\u1ed1i v\u00e0 ch\u00fang t\u00f4i kh\u00f4ng th\u1ec3 \u0111\u1ea3m b\u1ea3o an ninh tuy\u1ec7t \u0111\u1ed1i. <\/p>\n<h2 class=\"h4\">10. Quy\u1ec1n ri\u00eang t\u01b0 c\u1ee7a tr\u1ebb em<\/h2>\n<p>Trang web v\u00e0 d\u1ecbch v\u1ee5 c\u1ee7a ch\u00fang t\u00f4i h\u01b0\u1edbng \u0111\u1ebfn c\u00e1c chuy\u00ean gia kinh doanh v\u00e0 kh\u00f4ng d\u00e0nh cho c\u00e1 nh\u00e2n d\u01b0\u1edbi 16 tu\u1ed5i. Ch\u00fang t\u00f4i kh\u00f4ng c\u1ed1 \u00fd thu th\u1eadp th\u00f4ng tin c\u00e1 nh\u00e2n t\u1eeb tr\u1ebb em. <\/p>\n<h2 class=\"h4\">11. Thay \u0111\u1ed5i \u0111\u1ed1i v\u1edbi Ch\u00ednh s\u00e1ch n\u00e0y<\/h2>\n<p>Ch\u00fang t\u00f4i c\u00f3 th\u1ec3 c\u1eadp nh\u1eadt Ch\u00ednh s\u00e1ch B\u1ea3o m\u1eadt n\u00e0y theo th\u1eddi gian. Khi th\u1ef1c hi\u1ec7n, ch\u00fang t\u00f4i s\u1ebd s\u1eeda \u0111\u1ed5i ng\u00e0y &#8220;C\u1eadp nh\u1eadt l\u1ea7n cu\u1ed1i&#8221; \u1edf \u0111\u1ea7u trang n\u00e0y. Ch\u00fang t\u00f4i khuy\u1ebfn kh\u00edch qu\u00fd v\u1ecb xem l\u1ea1i ch\u00ednh s\u00e1ch n\u00e0y \u0111\u1ecbnh k\u1ef3.  <\/p>\n<h2 class=\"h4\">12. Li\u00ean h\u1ec7 v\u1edbi ch\u00fang t\u00f4i<\/h2>\n<p>N\u1ebfu qu\u00fd v\u1ecb c\u00f3 b\u1ea5t k\u1ef3 c\u00e2u h\u1ecfi n\u00e0o v\u1ec1 Ch\u00ednh s\u00e1ch B\u1ea3o m\u1eadt n\u00e0y ho\u1eb7c c\u00e1c ho\u1ea1t \u0111\u1ed9ng d\u1eef li\u1ec7u c\u1ee7a ch\u00fang t\u00f4i, vui l\u00f2ng li\u00ean h\u1ec7 v\u1edbi ch\u00fang t\u00f4i:<\/p>\n<p><strong>Jampoo Trading Solutions<\/strong><br \/>\nEmail: info@jampootrading.solutions<br \/>\nTr\u1ee5 s\u1edf ch\u00ednh to\u00e0n c\u1ea7u: \u0110\u00e0i B\u1eafc, \u0110\u00e0i Loan[\/vc_column_text][vc_empty_space height=&#8221;60px&#8221; el_class=&#8221;hide-for-large&#8221;][vc_empty_space height=&#8221;120px&#8221; el_class=&#8221;show-for-large&#8221;][\/vc_column][\/vc_row][\/vc_section]<\/p>\n<\/div>","protected":false},"excerpt":{"rendered":"<p>[vc_section css=&#8221;.vc_custom_1775466937976{background-position: center !important;background-repeat: no-repeat !important;background-size: cover !important;}&#8221; el_class=&#8221;bg-color-primary bg-center-top bg-no-repeat bg-size-cover bg-color-black&#8221;][vc_row][vc_column][vc_empty_space height=&#8221;120px&#8221; el_class=&#8221;show-for-large&#8221;][vc_empty_space height=&#8221;60px&#8221; el_class=&#8221;hide-for-large&#8221;][vc_column_text css=&#8221;&#8221; el_class=&#8221;text-center&#8221;] Ch\u00ednh s\u00e1ch B\u1ea3o m\u1eadt [\/vc_column_text][vc_empty_space height=&#8221;60px&#8221; el_class=&#8221;hide-for-large&#8221;][vc_empty_space height=&#8221;120px&#8221; el_class=&#8221;show-for-large&#8221;][\/vc_column][\/vc_row][\/vc_section][vc_section css=&#8221;.vc_custom_1775467095217{background-position: center !important;background-repeat: no-repeat !important;background-size: cover !important;}&#8221;][vc_row el_class=&#8221;row no-padding-vc&#8221;][vc_column el_class=&#8221;columns large-12&#8243;][vc_empty_space height=&#8221;120px&#8221; el_class=&#8221;show-for-large&#8221;][vc_empty_space height=&#8221;60px&#8221; el_class=&#8221;hide-for-large&#8221;][vc_column_text css=&#8221;&#8221;] 1. Gi\u1edbi thi\u1ec7u Jampoo Trading Solutions (&#8220;ch\u00fang t\u00f4i&#8221;, &#8220;c\u1ee7a ch\u00fang t\u00f4i&#8221;<a class=\"excerpt-read-more\" href=\"https:\/\/www.jampootrading.solutions\/vi\/chinh-sach-bao-mat\/\" title=\"ReadCh\u00ednh s\u00e1ch B\u1ea3o m\u1eadt\">&#8230; Read more &raquo;<\/a><\/p>\n","protected":false},"author":1,"featured_media":0,"parent":0,"menu_order":0,"comment_status":"closed","ping_status":"closed","template":"template-visual-builder.php","meta":{"_acf_changed":false,"footnotes":""},"class_list":["post-1032","page","type-page","status-publish","hentry"],"acf":[],"_links":{"self":[{"href":"https:\/\/www.jampootrading.solutions\/vi\/wp-json\/wp\/v2\/pages\/1032","targetHints":{"allow":["GET"]}}],"collection":[{"href":"https:\/\/www.jampootrading.solutions\/vi\/wp-json\/wp\/v2\/pages"}],"about":[{"href":"https:\/\/www.jampootrading.solutions\/vi\/wp-json\/wp\/v2\/types\/page"}],"author":[{"embeddable":true,"href":"https:\/\/www.jampootrading.solutions\/vi\/wp-json\/wp\/v2\/users\/1"}],"replies":[{"embeddable":true,"href":"https:\/\/www.jampootrading.solutions\/vi\/wp-json\/wp\/v2\/comments?post=1032"}],"version-history":[{"count":4,"href":"https:\/\/www.jampootrading.solutions\/vi\/wp-json\/wp\/v2\/pages\/1032\/revisions"}],"predecessor-version":[{"id":1383,"href":"https:\/\/www.jampootrading.solutions\/vi\/wp-json\/wp\/v2\/pages\/1032\/revisions\/1383"}],"wp:attachment":[{"href":"https:\/\/www.jampootrading.solutions\/vi\/wp-json\/wp\/v2\/media?parent=1032"}],"curies":[{"name":"wp","href":"https:\/\/api.w.org\/{rel}","templated":true}]}}