{"id":808,"date":"2026-04-06T09:26:40","date_gmt":"2026-04-06T09:26:40","guid":{"rendered":"https:\/\/www.jampootrading.solutions\/terminos-del-servicio\/"},"modified":"2026-05-06T13:42:52","modified_gmt":"2026-05-06T13:42:52","slug":"terminos-del-servicio","status":"publish","type":"page","link":"https:\/\/www.jampootrading.solutions\/es\/terminos-del-servicio\/","title":{"rendered":"T\u00e9rminos del servicio"},"content":{"rendered":"<div class=\"wpb-content-wrapper\"><p>[vc_section css=&#8221;.vc_custom_1775466937976{background-position: center !important;background-repeat: no-repeat !important;background-size: cover !important;}&#8221; el_class=&#8221;bg-color-primary bg-center-top bg-no-repeat bg-size-cover bg-color-black&#8221;][vc_row][vc_column][vc_empty_space height=&#8221;120px&#8221; el_class=&#8221;show-for-large&#8221;][vc_empty_space height=&#8221;60px&#8221; el_class=&#8221;hide-for-large&#8221;][vc_column_text css=&#8221;&#8221; el_class=&#8221;text-center&#8221;]<\/p>\n<h1 class=\"\"><span class=\"font-weight-bold font-color-white font-gredient-light border-bottom\">T\u00e9rminos del servicio<\/span><\/h1>\n<p>[\/vc_column_text][vc_empty_space height=&#8221;60px&#8221; el_class=&#8221;hide-for-large&#8221;][vc_empty_space height=&#8221;120px&#8221; el_class=&#8221;show-for-large&#8221;][\/vc_column][\/vc_row][\/vc_section][vc_section css=&#8221;.vc_custom_1775467095217{background-position: center !important;background-repeat: no-repeat !important;background-size: cover !important;}&#8221;][vc_row el_class=&#8221;row no-padding-vc&#8221;][vc_column el_class=&#8221;columns large-12&#8243;][vc_empty_space height=&#8221;120px&#8221; el_class=&#8221;show-for-large&#8221;][vc_empty_space height=&#8221;60px&#8221; el_class=&#8221;hide-for-large&#8221;][vc_column_text css=&#8221;&#8221;]<\/p>\n<h2 class=\"h4\">1. Aceptaci\u00f3n de los t\u00e9rminos<\/h2>\n<p>Al acceder o utilizar el sitio web en www.jampootrading.solutions, usted acepta quedar vinculado por estos T\u00e9rminos del servicio. Si no est\u00e1 de acuerdo con estos t\u00e9rminos, le rogamos que no utilice nuestro sitio web.<\/p>\n<h2 class=\"h4\">2. Acerca de Jampoo Trading Solutions<\/h2>\n<p>Jampoo Trading Solutions es un intermediario comercial global especializado en el abastecimiento, la coordinaci\u00f3n log\u00edstica y la gesti\u00f3n de la cadena de suministro de productos petroqu\u00edmicos b\u00e1sicos, compuestos especiales, embalajes biodegradables y materiales relacionados. Conectamos a fabricantes y compradores con proveedores verificados en todo el mundo.<\/p>\n<h2 class=\"h4\">3. Uso del sitio web<\/h2>\n<p>Usted se compromete a utilizar este sitio web \u00fanicamente con fines l\u00edcitos y de manera que no infrinja los derechos de terceros ni restrinja su uso del sitio. Usted no podr\u00e1:<\/p>\n<ul>\n<li>Utilizar el sitio de cualquier forma que sea fraudulenta, da\u00f1ina o enga\u00f1osa<\/li>\n<li>Intentar obtener acceso no autorizado a cualquier parte del sitio o de sus sistemas<\/li>\n<li>Transmitir cualquier material publicitario o promocional no solicitado o no autorizado<\/li>\n<li>Reproducir, duplicar, copiar o explotar cualquier parte del sitio sin nuestro permiso expreso por escrito<\/li>\n<li>Utilizar herramientas automatizadas para extraer, rastrear o recopilar datos del sitio<\/li>\n<\/ul>\n<h2 class=\"h4\">4. Propiedad intelectual<\/h2>\n<p>Todo el contenido de este sitio web \u2014incluidos textos, gr\u00e1ficos, logotipos, im\u00e1genes y el dise\u00f1o general\u2014 es propiedad de Jampoo Trading Solutions o de sus licenciantes de contenido y est\u00e1 protegido por las leyes de propiedad intelectual aplicables. No podr\u00e1 utilizar, reproducir ni distribuir ning\u00fan contenido de este sitio sin el consentimiento previo por escrito.<\/p>\n<h2 class=\"h4\">5. Consultas comerciales y comunicaciones<\/h2>\n<p>El env\u00edo de un formulario de contacto o de un correo electr\u00f3nico a Jampoo Trading Solutions no constituye un acuerdo vinculante ni crea una relaci\u00f3n comercial. Todos los compromisos formales, acuerdos de abastecimiento y t\u00e9rminos comerciales se rigen exclusivamente por contratos escritos independientes firmados por representantes autorizados de ambas partes.<\/p>\n<h2 class=\"h4\">6. Exclusi\u00f3n de garant\u00edas<\/h2>\n<p>Este sitio web se proporciona \u00abtal cual\u00bb y \u00abseg\u00fan disponibilidad\u00bb. Jampoo Trading Solutions no realiza declaraciones ni garant\u00edas de ning\u00fan tipo, expresas o impl\u00edcitas, con respecto a la exactitud, integridad, fiabilidad o disponibilidad del sitio o de su contenido. Nos reservamos el derecho de modificar, suspender o interrumpir cualquier parte del sitio en cualquier momento y sin previo aviso.<\/p>\n<h2 class=\"h4\">7. Limitaci\u00f3n de responsabilidad<\/h2>\n<p>En la medida m\u00e1xima permitida por la ley aplicable, Jampoo Trading Solutions y sus directivos, directores, empleados y agentes no ser\u00e1n responsables de ning\u00fan da\u00f1o indirecto, incidental, especial, consecuente o punitivo derivado de su uso \u2014o de la imposibilidad de uso\u2014 de este sitio web, incluso si se nos ha advertido de la posibilidad de tales da\u00f1os.<\/p>\n<h2 class=\"h4\">8. Enlaces de terceros<\/h2>\n<p>Nuestro sitio web puede contener enlaces a sitios web de terceros. Estos enlaces se proporcionan \u00fanicamente para su comodidad. Jampoo Trading Solutions no respalda, controla ni asume responsabilidad alguna por el contenido o las pr\u00e1cticas de los sitios de terceros. El acceso a los sitios enlazados se realiza bajo su propio riesgo.<\/p>\n<h2 class=\"h4\">9. Ley aplicable<\/h2>\n<p>Estos T\u00e9rminos del servicio se regir\u00e1n e interpretar\u00e1n de acuerdo con las leyes de Taiw\u00e1n (Rep\u00fablica de China), sin tener en cuenta sus disposiciones sobre conflicto de leyes. Cualquier disputa que surja de estos t\u00e9rminos o del uso que usted haga del sitio estar\u00e1 sujeta a la jurisdicci\u00f3n exclusiva de los tribunales de Taip\u00e9i, Taiw\u00e1n.<\/p>\n<h2 class=\"h4\">10. Cambios en estos t\u00e9rminos<\/h2>\n<p>Nos reservamos el derecho de actualizar o modificar estos T\u00e9rminos del servicio en cualquier momento. Los cambios entrar\u00e1n en vigor tras su publicaci\u00f3n en el sitio web con una fecha de \u00ab\u00daltima actualizaci\u00f3n\u00bb revisada. El uso continuado del sitio tras cualquier cambio constituye su aceptaci\u00f3n de los t\u00e9rminos actualizados.<\/p>\n<h2 class=\"h4\">11. Contacto<\/h2>\n<p>Si tiene alguna pregunta sobre estos T\u00e9rminos del servicio, p\u00f3ngase en contacto con nosotros:<\/p>\n<p><strong>Jampoo Trading Solutions<\/strong><br \/>\nCorreo electr\u00f3nico: info@jampootrading.solutions<br \/>\nSede global: Taip\u00e9i, Taiw\u00e1n[\/vc_column_text][vc_empty_space height=&#8221;60px&#8221; el_class=&#8221;hide-for-large&#8221;][vc_empty_space height=&#8221;120px&#8221; el_class=&#8221;show-for-large&#8221;][\/vc_column][\/vc_row][\/vc_section]<\/p>\n<\/div>","protected":false},"excerpt":{"rendered":"<p>[vc_section css=&#8221;.vc_custom_1775466937976{background-position: center !important;background-repeat: no-repeat !important;background-size: cover !important;}&#8221; el_class=&#8221;bg-color-primary bg-center-top bg-no-repeat bg-size-cover bg-color-black&#8221;][vc_row][vc_column][vc_empty_space height=&#8221;120px&#8221; el_class=&#8221;show-for-large&#8221;][vc_empty_space height=&#8221;60px&#8221; el_class=&#8221;hide-for-large&#8221;][vc_column_text css=&#8221;&#8221; el_class=&#8221;text-center&#8221;] T\u00e9rminos del servicio [\/vc_column_text][vc_empty_space height=&#8221;60px&#8221; el_class=&#8221;hide-for-large&#8221;][vc_empty_space height=&#8221;120px&#8221; el_class=&#8221;show-for-large&#8221;][\/vc_column][\/vc_row][\/vc_section][vc_section css=&#8221;.vc_custom_1775467095217{background-position: center !important;background-repeat: no-repeat !important;background-size: cover !important;}&#8221;][vc_row el_class=&#8221;row no-padding-vc&#8221;][vc_column el_class=&#8221;columns large-12&#8243;][vc_empty_space height=&#8221;120px&#8221; el_class=&#8221;show-for-large&#8221;][vc_empty_space height=&#8221;60px&#8221; el_class=&#8221;hide-for-large&#8221;][vc_column_text css=&#8221;&#8221;] 1. Aceptaci\u00f3n de los t\u00e9rminos Al acceder o utilizar el sitio web<a class=\"excerpt-read-more\" href=\"https:\/\/www.jampootrading.solutions\/es\/terminos-del-servicio\/\" title=\"ReadT\u00e9rminos del servicio\">&#8230; Read more &raquo;<\/a><\/p>\n","protected":false},"author":1,"featured_media":0,"parent":0,"menu_order":0,"comment_status":"closed","ping_status":"closed","template":"template-visual-builder.php","meta":{"_acf_changed":false,"footnotes":""},"class_list":["post-808","page","type-page","status-publish","hentry"],"acf":[],"_links":{"self":[{"href":"https:\/\/www.jampootrading.solutions\/es\/wp-json\/wp\/v2\/pages\/808","targetHints":{"allow":["GET"]}}],"collection":[{"href":"https:\/\/www.jampootrading.solutions\/es\/wp-json\/wp\/v2\/pages"}],"about":[{"href":"https:\/\/www.jampootrading.solutions\/es\/wp-json\/wp\/v2\/types\/page"}],"author":[{"embeddable":true,"href":"https:\/\/www.jampootrading.solutions\/es\/wp-json\/wp\/v2\/users\/1"}],"replies":[{"embeddable":true,"href":"https:\/\/www.jampootrading.solutions\/es\/wp-json\/wp\/v2\/comments?post=808"}],"version-history":[{"count":2,"href":"https:\/\/www.jampootrading.solutions\/es\/wp-json\/wp\/v2\/pages\/808\/revisions"}],"predecessor-version":[{"id":812,"href":"https:\/\/www.jampootrading.solutions\/es\/wp-json\/wp\/v2\/pages\/808\/revisions\/812"}],"wp:attachment":[{"href":"https:\/\/www.jampootrading.solutions\/es\/wp-json\/wp\/v2\/media?parent=808"}],"curies":[{"name":"wp","href":"https:\/\/api.w.org\/{rel}","templated":true}]}}