{"id":1037,"date":"2026-02-25T16:32:14","date_gmt":"2026-02-25T16:32:14","guid":{"rendered":"https:\/\/www.jampootrading.solutions\/acerca-de-nosotros\/"},"modified":"2026-05-06T14:28:25","modified_gmt":"2026-05-06T14:28:25","slug":"acerca-de-nosotros","status":"publish","type":"page","link":"https:\/\/www.jampootrading.solutions\/es\/acerca-de-nosotros\/","title":{"rendered":"Acerca de nosotros"},"content":{"rendered":"<div class=\"wpb-content-wrapper\"><p>[vc_section css=&#8221;.vc_custom_1772210831125{background-image: url(https:\/\/www.jampootrading.solutions\/wp-content\/uploads\/2026\/02\/home-bg-img.png?id=288) !important;background-position: center !important;background-repeat: no-repeat !important;background-size: cover !important;}&#8221; el_class=&#8221;bg-color-primary bg-center-top bg-no-repeat bg-size-cover bg-color-black&#8221;][vc_row][vc_column][vc_empty_space height=&#8221;120px&#8221; el_class=&#8221;show-for-large&#8221;][vc_empty_space height=&#8221;60px&#8221; el_class=&#8221;hide-for-large&#8221;][vc_column_text css=&#8221;&#8221; el_class=&#8221;text-center&#8221;]<\/p>\n<h1 class=\"\"><span class=\"font-weight-bold font-color-white font-gredient-light border-bottom\">Acerca de nosotros<\/span><\/h1>\n<p>[\/vc_column_text][vc_empty_space height=&#8221;60px&#8221; el_class=&#8221;hide-for-large&#8221;][vc_empty_space height=&#8221;120px&#8221; el_class=&#8221;show-for-large&#8221;][\/vc_column][\/vc_row][\/vc_section][vc_section][vc_row][vc_column][vc_empty_space height=&#8221;90px&#8221; el_class=&#8221;show-for-large&#8221;][vc_empty_space height=&#8221;60px&#8221; el_class=&#8221;hide-for-large&#8221;][vc_row_inner el_class=&#8221;row no-padding-vc align-center&#8221;][vc_column_inner el_class=&#8221;columns large-6 small-12 text-center large-text-left&#8221; width=&#8221;1\/2&#8243;][vc_column_text css_animation=&#8221;fadeInLeft&#8221; css=&#8221;&#8221;]<\/p>\n<p class=\"font-weight-bold font-color-secondary extra-small left-devider\">ACERCA DE NOSOTROS<\/p>\n<h2 class=\"font-color-primary margin-bottom-2rem font-extra-bold\">Comercio global de confianza, basado en <span class=\"font-gredient-dark\">experiencia<br \/>\ne integridad<\/span><\/h2>\n<p class=\"\">Durante m\u00e1s de cuatro d\u00e9cadas, Jampoo Trading Solutions ha respaldado el comercio global mediante una ejecuci\u00f3n disciplinada, un profundo conocimiento del mercado y asociaciones de larga trayectoria. Operando en m\u00e1s de ocho pa\u00edses, incluidos mercados importantes como Estados Unidos, China y Jap\u00f3n, ayudamos a las empresas a desenvolverse con confianza en entornos comerciales globales complejos. <\/p>\n<p class=\"\">Nuestro trabajo se fundamenta en la confianza, la fiabilidad y el crecimiento mutuo. Aunque los mercados evolucionan, nuestro compromiso permanece constante: ofrecer un valor excepcional mediante la experiencia, la integridad y pr\u00e1cticas empresariales responsables. <\/p>\n<p>[\/vc_column_text][\/vc_column_inner][vc_column_inner el_class=&#8221;columns large-6 small-12&#8243; width=&#8221;1\/2&#8243;][vc_column_text css_animation=&#8221;fadeInRight&#8221; css=&#8221;&#8221;]<img loading=\"lazy\" decoding=\"async\" class=\"alignnone size-full wp-image-30\" src=\"\/wp-content\/uploads\/2026\/03\/aboutus-section_1-img_1.png\" alt=\"\" width=\"720\" height=\"532\">[\/vc_column_text][\/vc_column_inner][\/vc_row_inner][vc_empty_space height=&#8221;60px&#8221; el_class=&#8221;hide-for-large&#8221;][vc_empty_space height=&#8221;90px&#8221; el_class=&#8221;show-for-large&#8221;][\/vc_column][\/vc_row][\/vc_section][vc_section css=&#8221;.vc_custom_1774545119242{background-image: url(https:\/\/www.jampootrading.solutions\/wp-content\/uploads\/2026\/03\/aboutus-section_2-bg-img-scaled.png?id=361) !important;background-position: center !important;background-repeat: no-repeat !important;background-size: cover !important;}&#8221; el_class=&#8221;bg-primary&#8221;][vc_row][vc_column][vc_empty_space height=&#8221;120px&#8221; el_class=&#8221;show-for-large&#8221;][vc_empty_space height=&#8221;60px&#8221; el_class=&#8221;hide-for-large&#8221;][vc_row_inner el_class=&#8221;row no-padding-vc align-middle align-center dark-back-drop-filter&#8221;][vc_column_inner el_class=&#8221;columns large-10 small-12&#8243;][vc_column_text css_animation=&#8221;slideInLeft&#8221; css=&#8221;&#8221; el_class=&#8221;text-center&#8221;]<\/p>\n<p class=\"font-weight-bold font-color-green extra-small left-devider right-devider green-devider uc\">Qui\u00e9nes somos<\/p>\n<h3 class=\"font-color-white margin-bottom-2rem font-bold\">Un socio comercial global,<br \/>\n<span class=\"font-color-green\">con enfoque en el \u00e9xito a largo plazo<\/span><\/h3>\n<p class=\"extra-big font-weight-normal font-color-white margin-bottom-1rem\">Jampoo Trading Solutions es una empresa comercial global especializada en materiales pl\u00e1sticos petroqu\u00edmicos,<br \/>\nincluidos EPS, PP, PE, ABS, PVC, PS y otros. Colaboramos con fabricantes y compradores de todo el mundo para<br \/>\nrespaldar relaciones comerciales seguras, eficientes y escalables. <\/p>\n<p class=\"extra-big font-weight-normal font-color-white\">En lugar de intercambios transaccionales, nos centramos en colaboraciones estrat\u00e9gicas, relaciones construidas para perdurar.<br \/>\nNuestro papel consiste en aportar claridad al aprovisionamiento, fiabilidad a las cadenas de suministro y estructura a la ejecuci\u00f3n del comercio global.<\/p>\n<p>[\/vc_column_text][\/vc_column_inner][\/vc_row_inner][vc_empty_space height=&#8221;60px&#8221; el_class=&#8221;hide-for-large&#8221;][vc_empty_space height=&#8221;120px&#8221; el_class=&#8221;show-for-large&#8221;][\/vc_column][\/vc_row][\/vc_section][vc_section css=&#8221;.vc_custom_1769169765649{background-image: url(https:\/\/www.jampootrading.solutions\/wp-content\/uploads\/2026\/01\/home_section-6_img-1.png?id=86) !important;background-position: center !important;background-repeat: no-repeat !important;background-size: cover !important;}&#8221;][vc_row][vc_column][vc_empty_space height=&#8221;90px&#8221; el_class=&#8221;show-for-large&#8221;][vc_empty_space height=&#8221;60px&#8221; el_class=&#8221;hide-for-large&#8221;][vc_row_inner el_class=&#8221;row no-padding-vc align-middle align-center&#8221;][vc_column_inner el_class=&#8221;columns large-7 small-12 text-center&#8221;][vc_column_text css_animation=&#8221;fadeInUp&#8221; css=&#8221;&#8221; el_class=&#8221;text-center&#8221;]<\/p>\n<p class=\"font-weight-bold font-color-secondary extra-small uc left-devider right-devider\">Qu\u00e9 hacemos<\/p>\n<h3 class=\"font-color-primary margin-bottom-2rem font-bold\">Experiencia que respalda<br \/>\n<span class=\"font-gredient-dark\">la toma de decisiones con confianza<\/span><\/h3>\n<p class=\"\">Respaldamos a empresas internacionales mediante:<\/p>\n<p>[\/vc_column_text][vc_empty_space height=&#8221;60px&#8221;][\/vc_column_inner][\/vc_row_inner][vc_row_inner el_class=&#8221;row no-padding-vc codesm-equalize-content&#8221;][vc_column_inner el_class=&#8221;columns large-3 medium-6 small-12&#8243; width=&#8221;1\/4&#8243;][vc_column_text css_animation=&#8221;zoomIn&#8221; css=&#8221;&#8221;]<\/p>\n<div class=\"Product-card\">\n<p><img loading=\"lazy\" decoding=\"async\" class=\"alignnone size-full wp-image-88\" src=\"\/wp-content\/uploads\/2026\/02\/aboutus-section_4-bg-img_1.png\" alt=\"\" width=\"342\" height=\"440\"><\/p>\n<div class=\"content\">\n<p class=\"medium font-bold font-color-primary margin-bottom-0point5rem\">Materias primas petroqu\u00edmicas<\/p>\n<p class=\"font-color-grey\">Especializaci\u00f3n enfocada en mercados globales altamente t\u00e9cnicos, respaldada por especificaciones claras y aprovisionamiento disciplinado.<\/p>\n<\/div>\n<\/div>\n<p>[\/vc_column_text][vc_empty_space height=&#8221;30px&#8221;][\/vc_column_inner][vc_column_inner el_class=&#8221;columns large-3 medium-6 small-12&#8243; width=&#8221;1\/4&#8243;][vc_column_text css_animation=&#8221;zoomIn&#8221; css=&#8221;&#8221;]<\/p>\n<div class=\"Product-card\">\n<p><img loading=\"lazy\" decoding=\"async\" class=\"alignnone size-full wp-image-88\" src=\"\/wp-content\/uploads\/2026\/02\/aboutus-section_4-bg-img_2.png\" alt=\"\" width=\"342\" height=\"440\"><\/p>\n<div class=\"content\">\n<p class=\"medium font-bold font-color-primary margin-bottom-0point5rem\">Servicios de comercio B2B<\/p>\n<p class=\"font-color-grey\">Coordinaci\u00f3n fluida entre fabricantes y compradores, tanto a nivel local como global.<\/p>\n<\/div>\n<\/div>\n<p>[\/vc_column_text][vc_empty_space height=&#8221;30px&#8221;][\/vc_column_inner][vc_column_inner el_class=&#8221;columns large-3 medium-6 small-12&#8243; width=&#8221;1\/4&#8243;][vc_column_text css_animation=&#8221;zoomIn&#8221; css=&#8221;&#8221;]<\/p>\n<div class=\"Product-card\">\n<p><img loading=\"lazy\" decoding=\"async\" class=\"alignnone size-full wp-image-88\" src=\"\/wp-content\/uploads\/2026\/03\/aboutus-section_4-bg-img_1.png\" alt=\"\" width=\"342\" height=\"440\"><\/p>\n<div class=\"content\">\n<p class=\"medium font-bold font-color-primary margin-bottom-0point5rem\">Gesti\u00f3n segura de transacciones<\/p>\n<p class=\"font-color-grey\">Altos est\u00e1ndares de integridad, documentaci\u00f3n y gesti\u00f3n de riesgos en cada operaci\u00f3n comercial.<\/p>\n<\/div>\n<\/div>\n<p>[\/vc_column_text][vc_empty_space height=&#8221;30px&#8221;][\/vc_column_inner][vc_column_inner el_class=&#8221;columns large-3 medium-6 small-12&#8243; width=&#8221;1\/4&#8243;][vc_column_text css_animation=&#8221;zoomIn&#8221; css=&#8221;&#8221;]<\/p>\n<div class=\"Product-card\">\n<p><img loading=\"lazy\" decoding=\"async\" class=\"alignnone size-full wp-image-88\" src=\"\/wp-content\/uploads\/2026\/02\/aboutus-section_4-bg-img_4.png\" alt=\"\" width=\"342\" height=\"440\"><\/p>\n<div class=\"content\">\n<p class=\"medium font-bold font-color-primary margin-bottom-0point5rem\">Colaboraciones comerciales globales<\/p>\n<p class=\"font-color-grey\">Asociaciones a largo plazo basadas en la confianza, la fiabilidad y el \u00e9xito compartido.<\/p>\n<\/div>\n<\/div>\n<p>[\/vc_column_text][\/vc_column_inner][\/vc_row_inner][vc_empty_space height=&#8221;40px&#8221; el_class=&#8221;show-for-large&#8221;][vc_empty_space height=&#8221;25px&#8221; el_class=&#8221;hide-for-large&#8221;][vc_column_text css_animation=&#8221;none&#8221; css=&#8221;&#8221; el_class=&#8221;text-center&#8221;]<\/p>\n<p class=\"\">Nuestra experiencia permite a los clientes optimizar el aprovisionamiento, asegurar socios<br \/>\nfiables y gestionar las cadenas de suministro con mayor certeza.<\/p>\n<p>[\/vc_column_text][vc_empty_space height=&#8221;60px&#8221; el_class=&#8221;hide-for-large&#8221;][vc_empty_space height=&#8221;90px&#8221; el_class=&#8221;show-for-large&#8221;][\/vc_column][\/vc_row][\/vc_section][vc_section][vc_row][vc_column][vc_empty_space height=&#8221;120px&#8221; el_class=&#8221;show-for-large&#8221;][vc_empty_space height=&#8221;60px&#8221; el_class=&#8221;hide-for-large&#8221;][vc_row_inner el_class=&#8221;row no-padding-vc align-middle&#8221;][vc_column_inner el_class=&#8221;columns large-6 small-12 large-order-1&#8243; width=&#8221;1\/2&#8243;][vc_column_text css_animation=&#8221;slideInRight&#8221; css=&#8221;&#8221;]<img loading=\"lazy\" decoding=\"async\" class=\"alignnone size-full wp-image-130\" src=\"\/wp-content\/uploads\/2026\/03\/aboutus-section_5-img_1.png\" alt=\"\" width=\"736\" height=\"908\">[\/vc_column_text][vc_empty_space height=&#8221;60px&#8221; el_class=&#8221;hide-for-large&#8221;][\/vc_column_inner][vc_column_inner el_class=&#8221;columns large-6 small-12 text-center large-text-left&#8221; width=&#8221;1\/2&#8243;][vc_column_text css_animation=&#8221;slideInLeft&#8221; css=&#8221;&#8221;]<\/p>\n<p class=\"font-weight-bold font-color-secondary extra-small left-devider\">UN HISTORIAL PROBADO<\/p>\n<h3 class=\"font-color-green margin-bottom-2rem font-extra-bold\">Experiencia <span class=\"font-color-primary\">que<br \/>\nhabla por s\u00ed misma<\/span><\/h3>\n<p class=\"margin-bottom-1point5rem\">Con m\u00e1s de <strong>200.000 operaciones completadas y m\u00e1s de 168 relaciones con clientes a largo plazo,<\/strong> Jampoo demuestra un rendimiento constante en los mercados globales. Nuestros socios conf\u00edan en nosotros no solo para materiales y servicios, sino tambi\u00e9n por un criterio forjado mediante d\u00e9cadas de experiencia real. <\/p>\n<p class=\"\">Este historial refleja un enfoque disciplinado hacia el crecimiento, basado en la responsabilidad, la transparencia y el cumplimiento.<\/p>\n<p>[\/vc_column_text][\/vc_column_inner][\/vc_row_inner][vc_empty_space height=&#8221;60px&#8221; el_class=&#8221;hide-for-large&#8221;][vc_empty_space height=&#8221;120px&#8221; el_class=&#8221;show-for-large&#8221;][\/vc_column][\/vc_row][\/vc_section][vc_section css=&#8221;.vc_custom_1772212258353{background: #3D5A3D url(https:\/\/www.jampootrading.solutions\/wp-content\/uploads\/2026\/02\/aboutus-section_6-bg-img.png?id=293) !important;background-position: center !important;background-repeat: no-repeat !important;background-size: cover !important;}&#8221; el_class=&#8221;bg-primary&#8221;][vc_row][vc_column][vc_empty_space height=&#8221;120px&#8221; el_class=&#8221;show-for-large&#8221;][vc_empty_space height=&#8221;60px&#8221; el_class=&#8221;hide-for-large&#8221;][vc_row_inner el_class=&#8221;row no-padding-vc align-middle align-left&#8221;][vc_column_inner el_class=&#8221;columns large-6 small-12&#8243; width=&#8221;1\/2&#8243;][vc_column_text css_animation=&#8221;slideInLeft&#8221; css=&#8221;&#8221;]<img loading=\"lazy\" decoding=\"async\" class=\"alignnone size-full wp-image-130\" src=\"\/wp-content\/uploads\/2026\/03\/aboutus-section_6-img_1-1.png\" alt=\"\" width=\"736\" height=\"908\">[\/vc_column_text][\/vc_column_inner][vc_column_inner el_class=&#8221;columns large-6 small-12&#8243; width=&#8221;1\/2&#8243;][vc_column_text css_animation=&#8221;slideInRight&#8221; css=&#8221;&#8221; el_class=&#8221;text-center large-text-left&#8221;]<\/p>\n<p class=\"font-weight-bold font-color-green extra-small uc left-devider green-devider\">Integridad y sostenibilidad<\/p>\n<h3 class=\"font-color-white margin-bottom-2rem font-bold\">Crecimiento responsable en<br \/>\n<span class=\"font-color-green\">mercados globales<\/span><\/h3>\n<p class=\"extra-big font-weight-normal font-color-white\">Jampoo opera con una s\u00f3lida base de integridad y pr\u00e1cticas sostenibles orientadas al futuro. Respaldamos operaciones \u00e9ticas y un crecimiento responsable en los mercados globales de pl\u00e1sticos petroqu\u00edmicos, equilibrando el rendimiento comercial con<br \/>\nuna gesti\u00f3n responsable a largo plazo. <\/p>\n<p class=\"extra-big font-weight-normal font-color-white\">La sostenibilidad, para nosotros, no es una tendencia, sino un compromiso de construir cadenas de suministro y asociaciones que permanezcan viables y confiables a lo largo del tiempo.<\/p>\n<p>[\/vc_column_text][vc_empty_space height=&#8221;60px&#8221;][\/vc_column_inner][\/vc_row_inner][vc_empty_space height=&#8221;60px&#8221; el_class=&#8221;hide-for-large&#8221;][vc_empty_space height=&#8221;120px&#8221; el_class=&#8221;show-for-large&#8221;][\/vc_column][\/vc_row][\/vc_section][vc_section el_class=&#8221;hide&#8221;][vc_row][vc_column][vc_empty_space height=&#8221;90px&#8221; el_class=&#8221;show-for-large&#8221;][vc_empty_space height=&#8221;60px&#8221; el_class=&#8221;hide-for-large&#8221;][vc_row_inner el_class=&#8221;row no-padding-vc align-center&#8221;][vc_column_inner el_class=&#8221;columns large-6 small-12&#8243; width=&#8221;1\/2&#8243;][vc_column_text css_animation=&#8221;fadeInLeft&#8221; css=&#8221;&#8221;]<img loading=\"lazy\" decoding=\"async\" class=\"alignnone size-full wp-image-30\" src=\"\/wp-content\/uploads\/2026\/02\/aboutus-section_7-img_1.png\" alt=\"\" width=\"720\" height=\"532\">[\/vc_column_text][\/vc_column_inner][vc_column_inner el_class=&#8221;columns large-6 small-12 text-center large-text-left&#8221; width=&#8221;1\/2&#8243;][vc_column_text css_animation=&#8221;fadeInRight&#8221; css=&#8221;&#8221;]<\/p>\n<p class=\"font-weight-bold font-color-secondary extra-small left-devider\">Liderazgo<\/p>\n<h2 class=\"font-color-primary margin-bottom-2rem font-extra-bold\">Experiencia guiada por<br \/>\n<span class=\"font-gredient-dark\">una ejecuci\u00f3n moderna.<\/span><\/h2>\n<p class=\"big font-weight-bold font-color-primary margin-bottom-0point5rem\">Chris Yang<\/p>\n<p class=\"medium font-color-secondary margin-bottom-2rem\">Director ejecutivo<\/p>\n<p class=\"\">Chris aporta una perspectiva moderna y enfocada en la ejecuci\u00f3n a la larga trayectoria de Jampoo en el comercio global. Su liderazgo enfatiza la disciplina operativa, la colaboraci\u00f3n estrat\u00e9gica y la mejora continua, garantizando que las d\u00e9cadas de experiencia de Jampoo sigan siendo relevantes y eficaces en los mercados actuales en evoluci\u00f3n. <\/p>\n<p class=\"\">Bajo su direcci\u00f3n, la empresa contin\u00faa fortaleciendo su red global mientras mantiene los principios que han definido a Jampoo durante generaciones.<\/p>\n<p>[\/vc_column_text][\/vc_column_inner][\/vc_row_inner][vc_empty_space height=&#8221;60px&#8221; el_class=&#8221;hide-for-large&#8221;][vc_empty_space height=&#8221;90px&#8221; el_class=&#8221;show-for-large&#8221;][\/vc_column][\/vc_row][\/vc_section][vc_section css=&#8221;.vc_custom_1774547162070{background-image: url(https:\/\/www.jampootrading.solutions\/wp-content\/uploads\/2026\/03\/aboutus-section_8-bg-img.png?id=365) !important;background-position: center !important;background-repeat: no-repeat !important;background-size: cover !important;}&#8221; el_class=&#8221;bg-primary&#8221;][vc_row][vc_column][vc_empty_space height=&#8221;120px&#8221; el_class=&#8221;show-for-large&#8221;][vc_empty_space height=&#8221;60px&#8221; el_class=&#8221;hide-for-large&#8221;][vc_row_inner el_class=&#8221;row no-padding-vc align-middle align-left&#8221;][vc_column_inner el_class=&#8221;columns large-5 small-12&#8243; width=&#8221;1\/2&#8243;][vc_column_text css=&#8221;&#8221;]<\/p>\n<p class=\"font-weight-bold font-color-secondary extra-small left-devider uc\">Nuestra misi\u00f3n y valores<\/p>\n<p>[\/vc_column_text][vc_empty_space height=&#8221;30px&#8221;][vc_column_text css_animation=&#8221;slideInUp&#8221; css=&#8221;&#8221; el_class=&#8221;text-left network-card&#8221;]<\/p>\n<h3 class=\"font-color-white margin-bottom-2rem font-bold\">Lo que gu\u00eda<br \/>\n<span class=\"font-color-green\">cada asociaci\u00f3n<\/span><\/h3>\n<p class=\"big font-weight-bold font-color-white\">Nuestra misi\u00f3n<\/p>\n<p class=\"font-color-light-gray\">Ofrecer un valor excepcional mediante la experiencia, la integridad y un compromiso con pr\u00e1cticas sostenibles orientadas al futuro en los mercados globales de pl\u00e1sticos petroqu\u00edmicos.<\/p>\n<div style=\"height: 30px;\"><\/div>\n<p class=\"big font-weight-bold font-color-white\">Nuestros valores<\/p>\n<ul class=\"font-color-light-gray\">\n<li>Confianza<\/li>\n<li>Fiabilidad<\/li>\n<li>Crecimiento mutuo<\/li>\n<li>Integridad<\/li>\n<li>Sostenibilidad<\/li>\n<li>Innovaci\u00f3n<\/li>\n<li>Ejecuci\u00f3n moderna<\/li>\n<\/ul>\n<div style=\"height: 30px;\"><\/div>\n<p class=\"font-weight-normal font-color-light-gray\">Estos valores definen c\u00f3mo trabajamos, c\u00f3mo colaboramos y c\u00f3mo medimos el \u00e9xito.<\/p>\n<p>[\/vc_column_text][vc_empty_space height=&#8221;60px&#8221;][\/vc_column_inner][vc_column_inner el_class=&#8221;columns large-4 small-12&#8243; width=&#8221;1\/2&#8243;][\/vc_column_inner][\/vc_row_inner][vc_empty_space height=&#8221;60px&#8221; el_class=&#8221;hide-for-large&#8221;][vc_empty_space height=&#8221;120px&#8221; el_class=&#8221;show-for-large&#8221;][\/vc_column][\/vc_row][\/vc_section][vc_section][vc_row][vc_column][vc_empty_space height=&#8221;90px&#8221; el_class=&#8221;show-for-large&#8221;][vc_empty_space height=&#8221;60px&#8221; el_class=&#8221;hide-for-large&#8221;][vc_row_inner el_class=&#8221;row no-padding-vc align-center&#8221;][vc_column_inner el_class=&#8221;columns large-6 small-12&#8243; width=&#8221;1\/2&#8243;][vc_column_text css_animation=&#8221;fadeInLeft&#8221; css=&#8221;&#8221;]<img loading=\"lazy\" decoding=\"async\" class=\"alignnone size-full wp-image-30\" src=\"\/wp-content\/uploads\/2026\/03\/aboutus-section_9-img_1.png\" alt=\"\" width=\"720\" height=\"532\">[\/vc_column_text][\/vc_column_inner][vc_column_inner el_class=&#8221;columns large-6 small-12 text-center large-text-left&#8221; width=&#8221;1\/2&#8243;][vc_column_text css_animation=&#8221;fadeInRight&#8221; css=&#8221;&#8221;]<\/p>\n<p class=\"font-weight-bold font-color-secondary extra-small left-devider uc\">Mirando hacia el futuro<\/p>\n<h2><span class=\"font-gredient-dark margin-bottom-2rem font-extra-bold\">Construidos para hoy,<\/span><br \/>\n<span class=\"font-color-primary margin-bottom-2rem font-extra-bold\"> comprometidos a largo plazo<\/span><\/h2>\n<p class=\"\">A medida que el comercio global contin\u00faa evolucionando, Jampoo sigue centrado en lo que siempre ha importado: relaciones fiables, ejecuci\u00f3n disciplinada y responsabilidad clara. Combinamos una amplia experiencia en el sector con est\u00e1ndares operativos modernos para ayudar a los socios a avanzar con confianza. <\/p>\n<p>[\/vc_column_text][vc_empty_space height=&#8221;40px&#8221;][vc_column_text css_animation=&#8221;fadeInRight&#8221; css=&#8221;&#8221;]<\/p>\n<p class=\"quote big font-weight-semibold margin-bottom-2point5rem\">No solo respaldamos el comercio global; ayudamos a que funcione.<\/p>\n<p>[\/vc_column_text][vc_empty_space height=&#8221;60px&#8221; el_class=&#8221;hide-for-large&#8221;][\/vc_column_inner][\/vc_row_inner][vc_empty_space height=&#8221;60px&#8221; el_class=&#8221;hide-for-large&#8221;][vc_empty_space height=&#8221;90px&#8221; el_class=&#8221;show-for-large&#8221;][\/vc_column][\/vc_row][\/vc_section]<\/p>\n<\/div>","protected":false},"excerpt":{"rendered":"<p>[vc_section css=&#8221;.vc_custom_1772210831125{background-image: url(https:\/\/www.jampootrading.solutions\/wp-content\/uploads\/2026\/02\/home-bg-img.png?id=288) !important;background-position: center !important;background-repeat: no-repeat !important;background-size: cover !important;}&#8221; el_class=&#8221;bg-color-primary bg-center-top bg-no-repeat bg-size-cover bg-color-black&#8221;][vc_row][vc_column][vc_empty_space height=&#8221;120px&#8221; el_class=&#8221;show-for-large&#8221;][vc_empty_space height=&#8221;60px&#8221; el_class=&#8221;hide-for-large&#8221;][vc_column_text css=&#8221;&#8221; el_class=&#8221;text-center&#8221;] Acerca de nosotros [\/vc_column_text][vc_empty_space height=&#8221;60px&#8221; el_class=&#8221;hide-for-large&#8221;][vc_empty_space height=&#8221;120px&#8221; el_class=&#8221;show-for-large&#8221;][\/vc_column][\/vc_row][\/vc_section][vc_section][vc_row][vc_column][vc_empty_space height=&#8221;90px&#8221; el_class=&#8221;show-for-large&#8221;][vc_empty_space height=&#8221;60px&#8221; el_class=&#8221;hide-for-large&#8221;][vc_row_inner el_class=&#8221;row no-padding-vc align-center&#8221;][vc_column_inner el_class=&#8221;columns large-6 small-12 text-center large-text-left&#8221; width=&#8221;1\/2&#8243;][vc_column_text css_animation=&#8221;fadeInLeft&#8221; css=&#8221;&#8221;] ACERCA DE NOSOTROS Comercio global de confianza, basado en experiencia e<a class=\"excerpt-read-more\" href=\"https:\/\/www.jampootrading.solutions\/es\/acerca-de-nosotros\/\" title=\"ReadAcerca de nosotros\">&#8230; Read more &raquo;<\/a><\/p>\n","protected":false},"author":1,"featured_media":0,"parent":0,"menu_order":0,"comment_status":"closed","ping_status":"closed","template":"template-visual-builder.php","meta":{"_acf_changed":false,"footnotes":""},"class_list":["post-1037","page","type-page","status-publish","hentry"],"acf":[],"_links":{"self":[{"href":"https:\/\/www.jampootrading.solutions\/es\/wp-json\/wp\/v2\/pages\/1037","targetHints":{"allow":["GET"]}}],"collection":[{"href":"https:\/\/www.jampootrading.solutions\/es\/wp-json\/wp\/v2\/pages"}],"about":[{"href":"https:\/\/www.jampootrading.solutions\/es\/wp-json\/wp\/v2\/types\/page"}],"author":[{"embeddable":true,"href":"https:\/\/www.jampootrading.solutions\/es\/wp-json\/wp\/v2\/users\/1"}],"replies":[{"embeddable":true,"href":"https:\/\/www.jampootrading.solutions\/es\/wp-json\/wp\/v2\/comments?post=1037"}],"version-history":[{"count":2,"href":"https:\/\/www.jampootrading.solutions\/es\/wp-json\/wp\/v2\/pages\/1037\/revisions"}],"predecessor-version":[{"id":1060,"href":"https:\/\/www.jampootrading.solutions\/es\/wp-json\/wp\/v2\/pages\/1037\/revisions\/1060"}],"wp:attachment":[{"href":"https:\/\/www.jampootrading.solutions\/es\/wp-json\/wp\/v2\/media?parent=1037"}],"curies":[{"name":"wp","href":"https:\/\/api.w.org\/{rel}","templated":true}]}}