{"id":1034,"date":"2026-04-06T09:17:40","date_gmt":"2026-04-06T09:17:40","guid":{"rendered":"https:\/\/www.jampootrading.solutions\/politica-de-privacidad\/"},"modified":"2026-05-06T14:27:19","modified_gmt":"2026-05-06T14:27:19","slug":"politica-de-privacidad","status":"publish","type":"page","link":"https:\/\/www.jampootrading.solutions\/es\/politica-de-privacidad\/","title":{"rendered":"Pol\u00edtica de privacidad"},"content":{"rendered":"<div class=\"wpb-content-wrapper\"><p>[vc_section css=&#8221;.vc_custom_1775466937976{background-position: center !important;background-repeat: no-repeat !important;background-size: cover !important;}&#8221; el_class=&#8221;bg-color-primary bg-center-top bg-no-repeat bg-size-cover bg-color-black&#8221;][vc_row][vc_column][vc_empty_space height=&#8221;120px&#8221; el_class=&#8221;show-for-large&#8221;][vc_empty_space height=&#8221;60px&#8221; el_class=&#8221;hide-for-large&#8221;][vc_column_text css=&#8221;&#8221; el_class=&#8221;text-center&#8221;]<\/p>\n<h1 class=\"\"><span class=\"font-weight-bold font-color-white font-gredient-light border-bottom\">Pol\u00edtica de privacidad<\/span><\/h1>\n<p>[\/vc_column_text][vc_empty_space height=&#8221;60px&#8221; el_class=&#8221;hide-for-large&#8221;][vc_empty_space height=&#8221;120px&#8221; el_class=&#8221;show-for-large&#8221;][\/vc_column][\/vc_row][\/vc_section][vc_section css=&#8221;.vc_custom_1775467095217{background-position: center !important;background-repeat: no-repeat !important;background-size: cover !important;}&#8221;][vc_row el_class=&#8221;row no-padding-vc&#8221;][vc_column el_class=&#8221;columns large-12&#8243;][vc_empty_space height=&#8221;120px&#8221; el_class=&#8221;show-for-large&#8221;][vc_empty_space height=&#8221;60px&#8221; el_class=&#8221;hide-for-large&#8221;][vc_column_text css=&#8221;&#8221;]<\/p>\n<h2 class=\"h4\">1. Introducci\u00f3n<\/h2>\n<p>Jampoo Trading Solutions (en adelante, \u00abnosotros\u00bb o \u00abnuestra empresa\u00bb) se compromete a proteger su informaci\u00f3n personal. Esta Pol\u00edtica de privacidad explica c\u00f3mo recopilamos, utilizamos, divulgamos y salvaguardamos la informaci\u00f3n cuando visita nuestro sitio web en www.jampootrading.solutions o se comunica con nosotros en el curso de nuestras actividades comerciales. <\/p>\n<h2 class=\"h4\">2. Informaci\u00f3n que recopilamos<\/h2>\n<p><strong>Informaci\u00f3n que usted nos proporciona directamente:<\/strong><br \/>\nRecopilamos la informaci\u00f3n que usted env\u00eda voluntariamente a trav\u00e9s de nuestro formulario de contacto o al comunicarse directamente con nosotros. Esto puede incluir su nombre, apellidos, direcci\u00f3n de correo electr\u00f3nico profesional y el contenido de su mensaje. <\/p>\n<p><strong>Informaci\u00f3n recopilada autom\u00e1ticamente:<\/strong><br \/>\nCuando visita nuestro sitio web, podemos recopilar autom\u00e1ticamente cierta informaci\u00f3n t\u00e9cnica, incluyendo su direcci\u00f3n IP, tipo de navegador, sistema operativo, URL de referencia, p\u00e1ginas visitadas y la fecha y hora de su visita. Esta informaci\u00f3n se recopila a trav\u00e9s de tecnolog\u00edas web est\u00e1ndar como cookies y registros del servidor. <\/p>\n<p>La informaci\u00f3n m\u00f3vil no se compartir\u00e1 con terceros\/afiliados con fines de marketing o promoci\u00f3n. Todos los datos de consentimiento de SMS se utilizan \u00fanicamente para la comunicaci\u00f3n prevista. <\/p>\n<h2 class=\"h4\">3. C\u00f3mo utilizamos su informaci\u00f3n<\/h2>\n<p>Utilizamos la informaci\u00f3n que recopilamos para:<\/p>\n<ul>\n<li>Responder a sus consultas y facilitar las comunicaciones comerciales<\/li>\n<li>Proporcionar informaci\u00f3n sobre nuestros servicios de abastecimiento, log\u00edstica y cadena de suministro<\/li>\n<li>Mejorar y optimizar nuestro sitio web y la experiencia del usuario<\/li>\n<li>Cumplir con las obligaciones legales aplicables<\/li>\n<li>Mantener la seguridad e integridad de nuestros sistemas<\/li>\n<\/ul>\n<p>No vendemos, alquilamos ni comercializamos su informaci\u00f3n personal a terceros para sus fines de marketing.<\/p>\n<h2 class=\"h4\">4. Base legal para el procesamiento (para usuarios de la UE\/EEE)<\/h2>\n<p>Cuando sea aplicable seg\u00fan el Reglamento General de Protecci\u00f3n de Datos (RGPD), procesamos sus datos personales sobre las siguientes bases legales:<\/p>\n<ul>\n<li><strong>Intereses leg\u00edtimos:<\/strong> Para responder a consultas comerciales y mantener nuestras operaciones<\/li>\n<li><strong>Consentimiento:<\/strong> Cuando usted ha aceptado expl\u00edcitamente recibir comunicaciones de nuestra parte<\/li>\n<li><strong>Obligaci\u00f3n legal:<\/strong> Cuando el procesamiento es necesario para cumplir con la legislaci\u00f3n aplicable<\/li>\n<\/ul>\n<h2 class=\"h4\">5. Compartici\u00f3n de informaci\u00f3n<\/h2>\n<p>Podemos compartir su informaci\u00f3n con:<\/p>\n<ul>\n<li><strong>Proveedores de servicios:<\/strong> Terceros proveedores que nos asisten en la operaci\u00f3n de nuestro sitio web, la realizaci\u00f3n de negocios o la prestaci\u00f3n de servicios, sujetos a obligaciones de confidencialidad<\/li>\n<li><strong>Socios comerciales:<\/strong> En relaci\u00f3n con nuestras operaciones globales de la cadena de suministro, cuando sea necesario y con las salvaguardias adecuadas<\/li>\n<li><strong>Autoridades legales:<\/strong> Cuando lo exija la ley, la normativa o un proceso legal<\/li>\n<\/ul>\n<h2 class=\"h4\">6. Transferencias internacionales de datos<\/h2>\n<p>Jampoo Trading Solutions opera a nivel mundial con sede en Taip\u00e9i, Taiw\u00e1n, y una red que abarca el sudeste asi\u00e1tico, Europa y Am\u00e9rica Latina. Su informaci\u00f3n puede ser transferida y procesada en pa\u00edses fuera de su pa\u00eds de residencia. Tomamos las medidas adecuadas para garantizar que dichas transferencias cumplan con las leyes de protecci\u00f3n de datos aplicables.  <\/p>\n<h2 class=\"h4\">7. Retenci\u00f3n de datos<\/h2>\n<p>Retenemos su informaci\u00f3n personal durante el tiempo que sea necesario para cumplir con los fines descritos en esta Pol\u00edtica de privacidad, a menos que la ley exija o permita un per\u00edodo de retenci\u00f3n m\u00e1s largo. Los datos de consultas comerciales se retienen normalmente hasta tres a\u00f1os a partir de la fecha del \u00faltimo contacto. <\/p>\n<h2 class=\"h4\">8. Sus derechos<\/h2>\n<p>Dependiendo de su ubicaci\u00f3n, usted puede tener derecho a:<\/p>\n<ul>\n<li>Acceder a la informaci\u00f3n personal que tenemos sobre usted<\/li>\n<li>Solicitar la correcci\u00f3n de datos inexactos o incompletos<\/li>\n<li>Solicitar la eliminaci\u00f3n de sus datos personales<\/li>\n<li>Oponerse o restringir ciertos tipos de procesamiento<\/li>\n<li>Retirar el consentimiento en cualquier momento, cuando el procesamiento se base en el consentimiento<\/li>\n<li>Presentar una queja ante una autoridad de protecci\u00f3n de datos relevante<\/li>\n<\/ul>\n<p>Para ejercer cualquiera de estos derechos, p\u00f3ngase en contacto con nosotros en info@jampootrading.solutions.<\/p>\n<h2 class=\"h4\">9. Seguridad<\/h2>\n<p>Implementamos medidas t\u00e9cnicas y organizativas razonables para proteger su informaci\u00f3n personal contra el acceso no autorizado, la p\u00e9rdida, la alteraci\u00f3n o la divulgaci\u00f3n. Sin embargo, ning\u00fan m\u00e9todo de transmisi\u00f3n por internet es completamente seguro y no podemos garantizar una seguridad absoluta. <\/p>\n<h2 class=\"h4\">10. Privacidad de los ni\u00f1os<\/h2>\n<p>Nuestro sitio web y servicios est\u00e1n dirigidos a profesionales de negocios y no est\u00e1n destinados a personas menores de 16 a\u00f1os. No recopilamos a sabiendas informaci\u00f3n personal de ni\u00f1os. <\/p>\n<h2 class=\"h4\">11. Cambios en esta pol\u00edtica<\/h2>\n<p>Podemos actualizar esta Pol\u00edtica de privacidad de vez en cuando. Cuando lo hagamos, revisaremos la fecha de \u00ab\u00daltima actualizaci\u00f3n\u00bb en la parte superior de esta p\u00e1gina. Le recomendamos que revise esta pol\u00edtica peri\u00f3dicamente.  <\/p>\n<h2 class=\"h4\">12. Contacto<\/h2>\n<p>Si tiene alguna pregunta sobre esta Pol\u00edtica de privacidad o nuestras pr\u00e1cticas de datos, p\u00f3ngase en contacto con nosotros:<\/p>\n<p><strong>Jampoo Trading Solutions<\/strong><br \/>\nCorreo electr\u00f3nico: info@jampootrading.solutions<br \/>\nSede global: Taip\u00e9i, Taiw\u00e1n[\/vc_column_text][vc_empty_space height=&#8221;60px&#8221; el_class=&#8221;hide-for-large&#8221;][vc_empty_space height=&#8221;120px&#8221; el_class=&#8221;show-for-large&#8221;][\/vc_column][\/vc_row][\/vc_section]<\/p>\n<\/div>","protected":false},"excerpt":{"rendered":"<p>[vc_section css=&#8221;.vc_custom_1775466937976{background-position: center !important;background-repeat: no-repeat !important;background-size: cover !important;}&#8221; el_class=&#8221;bg-color-primary bg-center-top bg-no-repeat bg-size-cover bg-color-black&#8221;][vc_row][vc_column][vc_empty_space height=&#8221;120px&#8221; el_class=&#8221;show-for-large&#8221;][vc_empty_space height=&#8221;60px&#8221; el_class=&#8221;hide-for-large&#8221;][vc_column_text css=&#8221;&#8221; el_class=&#8221;text-center&#8221;] Pol\u00edtica de privacidad [\/vc_column_text][vc_empty_space height=&#8221;60px&#8221; el_class=&#8221;hide-for-large&#8221;][vc_empty_space height=&#8221;120px&#8221; el_class=&#8221;show-for-large&#8221;][\/vc_column][\/vc_row][\/vc_section][vc_section css=&#8221;.vc_custom_1775467095217{background-position: center !important;background-repeat: no-repeat !important;background-size: cover !important;}&#8221;][vc_row el_class=&#8221;row no-padding-vc&#8221;][vc_column el_class=&#8221;columns large-12&#8243;][vc_empty_space height=&#8221;120px&#8221; el_class=&#8221;show-for-large&#8221;][vc_empty_space height=&#8221;60px&#8221; el_class=&#8221;hide-for-large&#8221;][vc_column_text css=&#8221;&#8221;] 1. Introducci\u00f3n Jampoo Trading Solutions (en adelante, \u00abnosotros\u00bb o \u00abnuestra empresa\u00bb) se<a class=\"excerpt-read-more\" href=\"https:\/\/www.jampootrading.solutions\/es\/politica-de-privacidad\/\" title=\"ReadPol\u00edtica de privacidad\">&#8230; Read more &raquo;<\/a><\/p>\n","protected":false},"author":1,"featured_media":0,"parent":0,"menu_order":0,"comment_status":"closed","ping_status":"closed","template":"template-visual-builder.php","meta":{"_acf_changed":false,"footnotes":""},"class_list":["post-1034","page","type-page","status-publish","hentry"],"acf":[],"_links":{"self":[{"href":"https:\/\/www.jampootrading.solutions\/es\/wp-json\/wp\/v2\/pages\/1034","targetHints":{"allow":["GET"]}}],"collection":[{"href":"https:\/\/www.jampootrading.solutions\/es\/wp-json\/wp\/v2\/pages"}],"about":[{"href":"https:\/\/www.jampootrading.solutions\/es\/wp-json\/wp\/v2\/types\/page"}],"author":[{"embeddable":true,"href":"https:\/\/www.jampootrading.solutions\/es\/wp-json\/wp\/v2\/users\/1"}],"replies":[{"embeddable":true,"href":"https:\/\/www.jampootrading.solutions\/es\/wp-json\/wp\/v2\/comments?post=1034"}],"version-history":[{"count":2,"href":"https:\/\/www.jampootrading.solutions\/es\/wp-json\/wp\/v2\/pages\/1034\/revisions"}],"predecessor-version":[{"id":1036,"href":"https:\/\/www.jampootrading.solutions\/es\/wp-json\/wp\/v2\/pages\/1034\/revisions\/1036"}],"wp:attachment":[{"href":"https:\/\/www.jampootrading.solutions\/es\/wp-json\/wp\/v2\/media?parent=1034"}],"curies":[{"name":"wp","href":"https:\/\/api.w.org\/{rel}","templated":true}]}}